{"id":3979,"date":"2021-01-05T23:57:49","date_gmt":"2021-01-05T21:57:49","guid":{"rendered":"https:\/\/www.lesjouetsvoyageurs.com\/?post_type=product&#038;p=3979"},"modified":"2023-10-21T13:42:58","modified_gmt":"2023-10-21T11:42:58","slug":"quilles-en-bois-meandmine","status":"publish","type":"product","link":"https:\/\/www.lesjouetsvoyageurs.com\/location\/jouets\/quilles-en-bois-meandmine\/","title":{"rendered":"Quilles en bois de h\u00eatre &#8211; Me&#038;Mine"},"content":{"rendered":"<p>Les quilles en bois Me and Mine sont certifi\u00e9es FSC et mesurent 18 cm de haut. L&rsquo;ensemble se compose de 6 quilles en bois et de 3 balles fabriqu\u00e9es de mani\u00e8re artisanale en Espagne. Chaque quille en bois est peinte \u00e0 la main avec des peintures \u00e9cologiques.<\/p>\n<p>A partir de 3 ans, ce jeu permet \u00e9galement de d\u00e9velopper les facult\u00e9s psycho-motrices que sont la vis\u00e9e et la coordination. Un grand classique pour tous les \u00e2ges !<\/p>\n<p>Envie d&rsquo;en savoir plus sur les engagements de la marque?<br \/>\n\ud83d\udc49 Consultez la pr\u00e9sentation de <a href=\"https:\/\/meandmineworld.com\/nosotras\/\" target=\"_blank\" rel=\"noopener\">Me&amp;Mine<\/a>.<\/p>\n<p><span style=\"font-size: 14.4px;\">\ud83d\udc95 Des quilles en bois et balles fabriqu\u00e9es de mani\u00e8re artisanale en Espagne<\/span><\/p>\n<p>LE PRIX ABONN\u00c9 C&rsquo;EST QUOI?<br \/>\nVous avez un coup de coeur pour un jouet propos\u00e9 \u00e0 la location?<br \/>\nNous vous proposons de garder chaque jouet lou\u00e9 \u00e0 un prix pr\u00e9f\u00e9rentiel, clairement indiqu\u00e9 sur chaque fiche.<\/p>\n","protected":false},"excerpt":{"rendered":"<p>6 Quilles en bois de 18 cm et 3 balles<\/p>\n<p>\u2764 Peint \u00e0 la main avec des peintures \u00e9cologiques<br \/>\n\u2764 Fabrication artisanale en Espagne<br \/>\n\u2764 D\u00e9veloppe le rep\u00e9rage spatial des enfants d\u00e8s 3 ans<\/p>\n","protected":false},"featured_media":3980,"template":"","meta":[],"product_cat":[15],"product_tag":[],"_links":{"self":[{"href":"https:\/\/www.lesjouetsvoyageurs.com\/location\/wp-json\/wp\/v2\/product\/3979"}],"collection":[{"href":"https:\/\/www.lesjouetsvoyageurs.com\/location\/wp-json\/wp\/v2\/product"}],"about":[{"href":"https:\/\/www.lesjouetsvoyageurs.com\/location\/wp-json\/wp\/v2\/types\/product"}],"wp:featuredmedia":[{"embeddable":true,"href":"https:\/\/www.lesjouetsvoyageurs.com\/location\/wp-json\/wp\/v2\/media\/3980"}],"wp:attachment":[{"href":"https:\/\/www.lesjouetsvoyageurs.com\/location\/wp-json\/wp\/v2\/media?parent=3979"}],"wp:term":[{"taxonomy":"product_cat","embeddable":true,"href":"https:\/\/www.lesjouetsvoyageurs.com\/location\/wp-json\/wp\/v2\/product_cat?post=3979"},{"taxonomy":"product_tag","embeddable":true,"href":"https:\/\/www.lesjouetsvoyageurs.com\/location\/wp-json\/wp\/v2\/product_tag?post=3979"}],"curies":[{"name":"wp","href":"https:\/\/api.w.org\/{rel}","templated":true}]}}