{"id":3984,"date":"2021-01-07T13:00:13","date_gmt":"2021-01-07T11:00:13","guid":{"rendered":"https:\/\/www.lesjouetsvoyageurs.com\/?post_type=product&#038;p=3984"},"modified":"2022-10-30T09:52:14","modified_gmt":"2022-10-30T07:52:14","slug":"blocs-sensoriels-tickit","status":"publish","type":"product","link":"https:\/\/www.lesjouetsvoyageurs.com\/location\/jouets\/blocs-sensoriels-tickit\/","title":{"rendered":"16 Blocs sensoriels Tickit"},"content":{"rendered":"<p>Les blocs sensoriels Tickit sont utilis\u00e9s dans les collectivit\u00e9s pour d\u00e9velopper la motricit\u00e9 et l&rsquo;\u00e9veil des enfants \u00e0 partir de 18 mois. L&rsquo;ensemble contient 16 blocs en bois d&rsquo;h\u00e9v\u00e9a tr\u00e8s solides qui peuvent \u00eatre utilis\u00e9s comme des blocs de construction.<\/p>\n<p>L&rsquo;enfant se familiarise avec les quatre formes propos\u00e9s : le carr\u00e9, le triangle, le cercle que l&rsquo;on obtient en assemblant deux demi-cercles et le rectangle. Pour chaque forme l&rsquo;enfant dispose de quatre blocs aux propri\u00e9t\u00e9s diff\u00e9rentes. Les blocs sensoriels Tickit sont comprennent des blocs contenant des perles que l&rsquo;enfant prendra plaisir \u00e0 secouer pour produire des sons. Il y a \u00e9galement des blocs compos\u00e9s d&rsquo;une feuille d&rsquo;acrylique color\u00e9e, l&rsquo;enfant s&rsquo;amuse \u00e0 regarder au travers, \u00e0 les placer devant une source lumineuse ou m\u00eame \u00e0 les superposer et d\u00e9couvre ainsi que l&rsquo;on peut obtenir une nouvelle couleur en m\u00e9langeant deux couleurs primaires ! Certains blocs contiennent du sable color\u00e9 et les derniers contiennent un liquide rempli de paillettes.<\/p>\n<p>D\u00e8s 18 mois, les blocs de construction sont un grand classique pour les petits et les enfants prendront grand plaisir \u00e0 les utiliser jusqu&rsquo;\u00e0 4 ans environ.<\/p>\n<p>Envie d&rsquo;en savoir plus sur les engagements de la marque?<br \/>\n\ud83d\udc49 Consultez la pr\u00e9sentation de <a href=\"https:\/\/www.tickit.co.uk\/pages\/about-tickit\" target=\"_blank\" rel=\"noopener\">TickIt<\/a>.<\/p>\n<p><span style=\"font-size: 14.4px;\">\ud83d\udc95 Un incontournable !<\/span><\/p>\n<p>LE PRIX ABONN\u00c9 C&rsquo;EST QUOI?<br \/>\nVous avez un coup de coeur pour un jouet propos\u00e9 \u00e0 la location?<br \/>\nNous vous proposons de garder chaque jouet lou\u00e9 \u00e0 un prix pr\u00e9f\u00e9rentiel, clairement indiqu\u00e9 sur chaque fiche.<\/p>\n","protected":false},"excerpt":{"rendered":"<p>Blocs sensoriels TickIt<\/p>\n<p>\u2764 16 blocs \u00e0 empiler<br \/>\n\u2764 Familiarise l&rsquo;enfant avec les formes et les couleurs<br \/>\n\u2764 Un incontournable en cr\u00e8ches et collectivit\u00e9s<\/p>\n","protected":false},"featured_media":3985,"template":"","meta":[],"product_cat":[15],"product_tag":[],"_links":{"self":[{"href":"https:\/\/www.lesjouetsvoyageurs.com\/location\/wp-json\/wp\/v2\/product\/3984"}],"collection":[{"href":"https:\/\/www.lesjouetsvoyageurs.com\/location\/wp-json\/wp\/v2\/product"}],"about":[{"href":"https:\/\/www.lesjouetsvoyageurs.com\/location\/wp-json\/wp\/v2\/types\/product"}],"wp:featuredmedia":[{"embeddable":true,"href":"https:\/\/www.lesjouetsvoyageurs.com\/location\/wp-json\/wp\/v2\/media\/3985"}],"wp:attachment":[{"href":"https:\/\/www.lesjouetsvoyageurs.com\/location\/wp-json\/wp\/v2\/media?parent=3984"}],"wp:term":[{"taxonomy":"product_cat","embeddable":true,"href":"https:\/\/www.lesjouetsvoyageurs.com\/location\/wp-json\/wp\/v2\/product_cat?post=3984"},{"taxonomy":"product_tag","embeddable":true,"href":"https:\/\/www.lesjouetsvoyageurs.com\/location\/wp-json\/wp\/v2\/product_tag?post=3984"}],"curies":[{"name":"wp","href":"https:\/\/api.w.org\/{rel}","templated":true}]}}