{"id":4172,"date":"2021-01-12T15:59:14","date_gmt":"2021-01-12T13:59:14","guid":{"rendered":"https:\/\/www.lesjouetsvoyageurs.com\/?post_type=product&#038;p=4172"},"modified":"2023-05-19T10:07:33","modified_gmt":"2023-05-19T08:07:33","slug":"chariot-de-marche-everearth","status":"publish","type":"product","link":"https:\/\/www.lesjouetsvoyageurs.com\/location\/jouets\/chariot-de-marche-everearth\/","title":{"rendered":"Chariot de marche Everearth"},"content":{"rendered":"<p>Le chariot de marche <a href=\"https:\/\/everearth-shop.eu\/\" target=\"_blank\" rel=\"noopener\">Everearth<\/a> permet \u00e0 l&rsquo;enfant d&rsquo;acqu\u00e9rir et consolider la marche d\u00e8s 12 mois. Il s&rsquo;agit d&rsquo;un \u00e2ge m\u00e9dian et l&rsquo;acquisition de la marche peut intervenir plus t\u00f4t ou plus tard, chaque enfant progresse \u00e0 son propre rythme! De plus, les nombreuses activit\u00e9s \u00e0 l&rsquo;avant int\u00e9resseront b\u00e9b\u00e9 bien avant qu&rsquo;il ne se mette \u00e0 marcher !<\/p>\n<p>Le chariot comprend \u00e9galement de nombreuses activit\u00e9s de motricit\u00e9 fine. Les enfants seront attir\u00e9s par le circuit de perles, les rouages, le puzzle, les pi\u00e8ces \u00e0 encastrer&#8230; Il y a \u00e9galement une roue dent\u00e9e \u00e0 visser et un xylophone \u00e9quip\u00e9 d&rsquo;un maillet. Tous ces \u00e9quipements font du chariot de marche Everearth un jouet tr\u00e8s complet !<\/p>\n<p>Envie d&rsquo;en savoir plus sur les engagements de la marque?<br \/>\n\ud83d\udc49 Consultez la <a href=\"https:\/\/www.lesjouetsvoyageurs.com\/location\/blog\/jouets-everearth\/\">pr\u00e9sentation de Everearth<\/a>.<\/p>\n<p><span style=\"font-size: 14.4px;\">\ud83d\udc95 La multitude d&rsquo;activit\u00e9s pour \u00e9veiller b\u00e9b\u00e9 et la stabilit\u00e9 du chariot<\/span><\/p>\n<h2><span style=\"font-size: 80%;\">Qu&rsquo;est-ce que le prix abonn\u00e9 du chariot de marche Everearth?<\/span><\/h2>\n<p>Vous avez un coup de coeur pour un jouet propos\u00e9 \u00e0 la location?<br \/>\nNous vous proposons de garder chaque jouet lou\u00e9 \u00e0 un prix pr\u00e9f\u00e9rentiel, clairement indiqu\u00e9 sur chaque fiche.<\/p>\n","protected":false},"excerpt":{"rendered":"<p>Chariot de marche Everearth \ud83c\udfb5<\/p>\n<p>\u2764 Avec un filet pour le rangement des jouets<br \/>\n\u2764 Une multitude d&rsquo;activit\u00e9s \u00e0 d\u00e9couvrir<br \/>\n\u2764 Accompagne l&rsquo;enfant dans l&rsquo;acquisition de la marche<\/p>\n","protected":false},"featured_media":4175,"template":"","meta":[],"product_cat":[15],"product_tag":[],"_links":{"self":[{"href":"https:\/\/www.lesjouetsvoyageurs.com\/location\/wp-json\/wp\/v2\/product\/4172"}],"collection":[{"href":"https:\/\/www.lesjouetsvoyageurs.com\/location\/wp-json\/wp\/v2\/product"}],"about":[{"href":"https:\/\/www.lesjouetsvoyageurs.com\/location\/wp-json\/wp\/v2\/types\/product"}],"wp:featuredmedia":[{"embeddable":true,"href":"https:\/\/www.lesjouetsvoyageurs.com\/location\/wp-json\/wp\/v2\/media\/4175"}],"wp:attachment":[{"href":"https:\/\/www.lesjouetsvoyageurs.com\/location\/wp-json\/wp\/v2\/media?parent=4172"}],"wp:term":[{"taxonomy":"product_cat","embeddable":true,"href":"https:\/\/www.lesjouetsvoyageurs.com\/location\/wp-json\/wp\/v2\/product_cat?post=4172"},{"taxonomy":"product_tag","embeddable":true,"href":"https:\/\/www.lesjouetsvoyageurs.com\/location\/wp-json\/wp\/v2\/product_tag?post=4172"}],"curies":[{"name":"wp","href":"https:\/\/api.w.org\/{rel}","templated":true}]}}