{"id":4177,"date":"2021-01-12T16:26:00","date_gmt":"2021-01-12T14:26:00","guid":{"rendered":"https:\/\/www.lesjouetsvoyageurs.com\/?post_type=product&#038;p=4177"},"modified":"2022-09-18T17:13:56","modified_gmt":"2022-09-18T15:13:56","slug":"puzzle-cubes-everearth-papillon","status":"publish","type":"product","link":"https:\/\/www.lesjouetsvoyageurs.com\/location\/jouets\/puzzle-cubes-everearth-papillon\/","title":{"rendered":"Puzzle cubes Everearth \u00e0 empiler &#8211; Cycle de vie du papillon"},"content":{"rendered":"<p>Ce puzzle cubes <a href=\"https:\/\/everearth-shop.eu\/\" target=\"_blank\" rel=\"noopener\">Everearth<\/a> comprend 9 cubes. Il permet de r\u00e9aliser 4 images qui repr\u00e9sentent le cycle de vie du papillon. Lorsque l&rsquo;enfant a r\u00e9alis\u00e9 le puzzle, il peut enfiler les pi\u00e8ces sur les trois tiges de la base en bois!<\/p>\n<p>Les tiges sont flexibles, ce qui permet de confier le jouet en toute s\u00e9curit\u00e9 \u00e0 des enfants \u00e0 partir de 2 ans. De plus, le bois utilis\u00e9 est certifi\u00e9 FSC et les couleurs utilis\u00e9es sont \u00e0 base d&rsquo;eau. Aucun risque si votre enfant porte un cube \u00e0 la bouche.<\/p>\n<p>La premi\u00e8re face du puzzle cubes Everearth repr\u00e9sente le stade de la larve. Les deuxi\u00e8me et troisi\u00e8me faces pr\u00e9sentent le stade du cocon et de la chenille. La quatri\u00e8me face pr\u00e9sente un papillon joyeux et color\u00e9. Ce puzzle rotatif et empilable permet donc d&rsquo;aborder tout le cycle du vie du papillon avec l&rsquo;enfant.<\/p>\n<p>Ce jouet est conseill\u00e9 d\u00e8s 2 ans, cependant, la complexit\u00e9 de sa r\u00e9alisation n\u00e9cessite d&rsquo;accompagner l&rsquo;enfant. Nous vous conseillons d&rsquo;attendre que votre enfant ait au moins trois ans avant de lui proposer ce jouet en autonomie.<\/p>\n<p>Envie d&rsquo;en savoir plus sur les engagements de la marque?<br \/>\n\ud83d\udc49 Consultez la <a href=\"https:\/\/www.lesjouetsvoyageurs.com\/location\/blog\/jouets-everearth\/\">pr\u00e9sentation de Everearth<\/a>.<\/p>\n<p><span style=\"font-size: 14.4px;\">\ud83d\udc95 L&rsquo;aspect p\u00e9dagogique de ce puzzle qui permet \u00e0 l&rsquo;enfant d&rsquo;appr\u00e9hender le cycle de vie du papillon.<\/span><\/p>\n<h2><span style=\"font-size: 80%;\">Qu&rsquo;est-ce que le prix abonn\u00e9 du puzzle cubes Everearth?<\/span><\/h2>\n<p>Vous avez un coup de coeur pour un jouet propos\u00e9 \u00e0 la location?<br \/>\nNous vous proposons de garder chaque jouet lou\u00e9 \u00e0 un prix pr\u00e9f\u00e9rentiel, clairement indiqu\u00e9 sur chaque fiche.<\/p>\n","protected":false},"excerpt":{"rendered":"<p>Puzzle cubes Everearth d\u00e8s 24 mois<\/p>\n<p>\u2764 4 faces soit 4 puzzles \u00e0 r\u00e9aliser<br \/>\n\u2764 Permet d&rsquo;aborder le cycle de vie du papillon \ud83e\udd8b<br \/>\n\u2764 Bois FSC et couleurs \u00e0 base d&rsquo;eau<\/p>\n","protected":false},"featured_media":4182,"template":"","meta":[],"product_cat":[15],"product_tag":[],"_links":{"self":[{"href":"https:\/\/www.lesjouetsvoyageurs.com\/location\/wp-json\/wp\/v2\/product\/4177"}],"collection":[{"href":"https:\/\/www.lesjouetsvoyageurs.com\/location\/wp-json\/wp\/v2\/product"}],"about":[{"href":"https:\/\/www.lesjouetsvoyageurs.com\/location\/wp-json\/wp\/v2\/types\/product"}],"wp:featuredmedia":[{"embeddable":true,"href":"https:\/\/www.lesjouetsvoyageurs.com\/location\/wp-json\/wp\/v2\/media\/4182"}],"wp:attachment":[{"href":"https:\/\/www.lesjouetsvoyageurs.com\/location\/wp-json\/wp\/v2\/media?parent=4177"}],"wp:term":[{"taxonomy":"product_cat","embeddable":true,"href":"https:\/\/www.lesjouetsvoyageurs.com\/location\/wp-json\/wp\/v2\/product_cat?post=4177"},{"taxonomy":"product_tag","embeddable":true,"href":"https:\/\/www.lesjouetsvoyageurs.com\/location\/wp-json\/wp\/v2\/product_tag?post=4177"}],"curies":[{"name":"wp","href":"https:\/\/api.w.org\/{rel}","templated":true}]}}