{"id":4187,"date":"2021-01-13T13:16:05","date_gmt":"2021-01-13T11:16:05","guid":{"rendered":"https:\/\/www.lesjouetsvoyageurs.com\/?post_type=product&#038;p=4187"},"modified":"2023-03-28T11:14:53","modified_gmt":"2023-03-28T09:14:53","slug":"horloge-bois-puzzle-everearth","status":"publish","type":"product","link":"https:\/\/www.lesjouetsvoyageurs.com\/location\/jouets\/horloge-bois-puzzle-everearth\/","title":{"rendered":"Horloge bois puzzle Everearth &#8211; Horloge d&rsquo;apprentissage"},"content":{"rendered":"<p>Cette horloge bois puzzle <a href=\"https:\/\/everearth-shop.eu\/\" target=\"_blank\" rel=\"noopener\">Everearth<\/a> peut \u00eatre propos\u00e9e aux enfants d\u00e8s 24 mois. Elle comprend 12 blocs num\u00e9rot\u00e9s que l&rsquo;enfant doit replacer dans leurs emplacements respectifs sur le socle en bois. Il y a \u00e9galement deux aiguilles que l&rsquo;enfant peut faire tourner.<\/p>\n<p>Bien s\u00fbr, inutile de vouloir aller trop vite dans les apprentissages! Les enfants apprennent g\u00e9n\u00e9ralement \u00e0 lire l&rsquo;heure vers 6 ou 7 ans. La lecture de l&rsquo;heure n\u00e9cessite en effet des acquisitions pr\u00e9alables comme le fait de savoir compter jusqu&rsquo;\u00e0 12 et de savoir lire les chiffres. Mais il faut aussi que l&rsquo;enfant appr\u00e9hende la notion de temps et soit capable de reconnaitre les diff\u00e9rentes parties de la journ\u00e9e.<\/p>\n<p>L&rsquo;horloge bois puzzle Everearth sera donc tr\u00e8s int\u00e9ressante pour familiariser les plus petits avec l&rsquo;horloge. D\u00e8s 2 ans, ils pourront manipuler et reconnaitre les chiffres de 1 \u00e0 12 gr\u00e2ce au puzzle. Et ils auront bien s\u00fbr grand plaisir \u00e0 faire tourner les aiguilles !<\/p>\n<p>Envie d&rsquo;en savoir plus sur les engagements de la marque?<br \/>\n\ud83d\udc49 Consultez la <a href=\"https:\/\/www.lesjouetsvoyageurs.com\/location\/blog\/jouets-everearth\/\">pr\u00e9sentation de Everearth<\/a>.<\/p>\n<p><span style=\"font-size: 14.4px;\">\ud83d\udc95 Ludique et p\u00e9dagogique.<\/span><\/p>\n<h2><span style=\"font-size: 80%;\">Qu&rsquo;est-ce que le prix abonn\u00e9 de l&rsquo;horloge bois puzzle?<\/span><\/h2>\n<p>Vous avez un coup de coeur pour un jouet propos\u00e9 \u00e0 la location?<br \/>\nNous vous proposons de garder chaque jouet lou\u00e9 \u00e0 un prix pr\u00e9f\u00e9rentiel, clairement indiqu\u00e9 sur chaque fiche.<\/p>\n","protected":false},"excerpt":{"rendered":"<p>Horloge bois puzzle<\/p>\n<p>\u2764 Puzzle 12 pi\u00e8ces<br \/>\n\u2764 Familiarise avec les chiffres<br \/>\n\u2764 Les aiguilles tournent<br \/>\n\u2764 Bois FSC et couleurs \u00e0 base d&rsquo;eau<\/p>\n","protected":false},"featured_media":4190,"template":"","meta":[],"product_cat":[15],"product_tag":[],"_links":{"self":[{"href":"https:\/\/www.lesjouetsvoyageurs.com\/location\/wp-json\/wp\/v2\/product\/4187"}],"collection":[{"href":"https:\/\/www.lesjouetsvoyageurs.com\/location\/wp-json\/wp\/v2\/product"}],"about":[{"href":"https:\/\/www.lesjouetsvoyageurs.com\/location\/wp-json\/wp\/v2\/types\/product"}],"wp:featuredmedia":[{"embeddable":true,"href":"https:\/\/www.lesjouetsvoyageurs.com\/location\/wp-json\/wp\/v2\/media\/4190"}],"wp:attachment":[{"href":"https:\/\/www.lesjouetsvoyageurs.com\/location\/wp-json\/wp\/v2\/media?parent=4187"}],"wp:term":[{"taxonomy":"product_cat","embeddable":true,"href":"https:\/\/www.lesjouetsvoyageurs.com\/location\/wp-json\/wp\/v2\/product_cat?post=4187"},{"taxonomy":"product_tag","embeddable":true,"href":"https:\/\/www.lesjouetsvoyageurs.com\/location\/wp-json\/wp\/v2\/product_tag?post=4187"}],"curies":[{"name":"wp","href":"https:\/\/api.w.org\/{rel}","templated":true}]}}