{"id":4191,"date":"2021-01-13T22:02:14","date_gmt":"2021-01-13T20:02:14","guid":{"rendered":"https:\/\/www.lesjouetsvoyageurs.com\/?post_type=product&#038;p=4191"},"modified":"2021-02-22T11:29:52","modified_gmt":"2021-02-22T09:29:52","slug":"cabane-dans-les-arbres-everearth","status":"publish","type":"product","link":"https:\/\/www.lesjouetsvoyageurs.com\/location\/jouets\/cabane-dans-les-arbres-everearth\/","title":{"rendered":"Cabane dans les arbres Everearth"},"content":{"rendered":"<p>Cette magnifique cabane dans les arbres <a href=\"https:\/\/everearth-shop.eu\/\" target=\"_blank\" rel=\"noopener\">Everearth<\/a> atteint 1 m\u00e8tre de haut ! Elle peut \u00eatre propos\u00e9e aux enfants d\u00e8s 3 ans.<\/p>\n<p>Les nombreux \u00e9l\u00e9ments fournis permettront aux enfants de s&rsquo;imaginer plein d&rsquo;histoires. Et comme la cabane dans les arbres Everearth est tr\u00e8s grande, plusieurs enfants peuvent jouer ensemble<\/p>\n<p>Elle comprend un syst\u00e8me de poulie pour amener des seaux d&rsquo;eau au 1er et au 2eme niveau, du mobilier de salon, une cuisin\u00e8re et un lit. Mais il y a aussi un balan\u00e7oire, une \u00e9chelle et un hamac !<\/p>\n<p>Envie d&rsquo;en savoir plus sur les engagements de la marque?<br \/>\n\ud83d\udc49 Consultez la <a href=\"https:\/\/www.lesjouetsvoyageurs.com\/location\/blog\/jouets-everearth\/\">pr\u00e9sentation de Everearth<\/a>.<\/p>\n<p><span style=\"font-size: 14.4px;\">\ud83d\udc95 Les enfants vont vivre des heures de jeu avec cette magnifique cabane en bois Everearth !<\/span><\/p>\n<h2><span style=\"font-size: 80%;\">Qu&rsquo;est-ce que le prix abonn\u00e9 de la cabane dans les arbres Everearth?<\/span><\/h2>\n<p>Lorsque vous avez un coup de coeur pour un jouet et que vous souhaitez le garder : c&rsquo;est possible !<br \/>\nNous vous proposons le jouet \u00e0 l&rsquo;achat, \u00e0 un tarif pr\u00e9f\u00e9rentiel r\u00e9serv\u00e9 \u00e0 nos abonn\u00e9s et clairement indiqu\u00e9 sur chaque fiche.<\/p>\n","protected":false},"excerpt":{"rendered":"<p>Cabane dans les arbres Everearth \ud83c\udf33<\/p>\n<p>\u2764 Une magnifique cabane de quasiment 1 m\u00e8tre de haut !<br \/>\n\u2764 Beaucoup d&rsquo;\u00e9l\u00e9ments pour des heures de jeu<br \/>\n\u2764 Permet de jouer \u00e0 deux \u2764\ufe0f<br \/>\n\u2764 Bois FSC et couleurs \u00e0 base d&rsquo;eau<\/p>\n","protected":false},"featured_media":4192,"template":"","meta":[],"product_cat":[15],"product_tag":[],"_links":{"self":[{"href":"https:\/\/www.lesjouetsvoyageurs.com\/location\/wp-json\/wp\/v2\/product\/4191"}],"collection":[{"href":"https:\/\/www.lesjouetsvoyageurs.com\/location\/wp-json\/wp\/v2\/product"}],"about":[{"href":"https:\/\/www.lesjouetsvoyageurs.com\/location\/wp-json\/wp\/v2\/types\/product"}],"wp:featuredmedia":[{"embeddable":true,"href":"https:\/\/www.lesjouetsvoyageurs.com\/location\/wp-json\/wp\/v2\/media\/4192"}],"wp:attachment":[{"href":"https:\/\/www.lesjouetsvoyageurs.com\/location\/wp-json\/wp\/v2\/media?parent=4191"}],"wp:term":[{"taxonomy":"product_cat","embeddable":true,"href":"https:\/\/www.lesjouetsvoyageurs.com\/location\/wp-json\/wp\/v2\/product_cat?post=4191"},{"taxonomy":"product_tag","embeddable":true,"href":"https:\/\/www.lesjouetsvoyageurs.com\/location\/wp-json\/wp\/v2\/product_tag?post=4191"}],"curies":[{"name":"wp","href":"https:\/\/api.w.org\/{rel}","templated":true}]}}