{"id":4194,"date":"2021-01-13T22:23:52","date_gmt":"2021-01-13T20:23:52","guid":{"rendered":"https:\/\/www.lesjouetsvoyageurs.com\/?post_type=product&#038;p=4194"},"modified":"2023-01-19T15:18:23","modified_gmt":"2023-01-19T13:18:23","slug":"triangle-dactivites-everearth","status":"publish","type":"product","link":"https:\/\/www.lesjouetsvoyageurs.com\/location\/jouets\/triangle-dactivites-everearth\/","title":{"rendered":"Triangle d&rsquo;activit\u00e9s Everearth"},"content":{"rendered":"<p>Le triangle d&rsquo;activit\u00e9s <a href=\"https:\/\/everearth-shop.eu\/\" target=\"_blank\" rel=\"noopener\">Everearth<\/a> pr\u00e9sente des formes arrondies pour \u00eatre manipul\u00e9 par les tout-petits. Il est conseill\u00e9 \u00e0 partir de 1 an mais pourra \u00eatre propos\u00e9 \u00e0 des enfants plus jeunes sous la surveillance constante d&rsquo;un adulte.<\/p>\n<p>Les trois faces du triangle d&rsquo;activit\u00e9s Everearth pr\u00e9sentent diff\u00e9rents types de bouliers et \u00e9l\u00e9ments \u00e0 d\u00e9placer. Chaque activit\u00e9 permet de d\u00e9velopper la motricit\u00e9 fine de b\u00e9b\u00e9. L&rsquo;enfant explore \u00e9galement les formes et les couleurs.<\/p>\n<p>Envie d&rsquo;en savoir plus sur les engagements de la marque?<br \/>\n\ud83d\udc49 Consultez la <a href=\"https:\/\/www.lesjouetsvoyageurs.com\/location\/blog\/jouets-everearth\/\">pr\u00e9sentation de Everearth<\/a>.<\/p>\n<p><span style=\"font-size: 14.4px;\">\ud83d\udc95 Le triangle d\u00e9veloppe la motricit\u00e9 fine des tout petits.<\/span><\/p>\n<h2><span style=\"font-size: 80%;\">Qu&rsquo;est-ce que le prix abonn\u00e9 du triangle d&rsquo;activit\u00e9s Everearth?<\/span><\/h2>\n<p>Lorsque vous avez un coup de coeur pour un jouet et que vous souhaitez le garder : c&rsquo;est possible !<br \/>\nNous vous proposons le jouet \u00e0 un tarif pr\u00e9f\u00e9rentiel, exclusivement r\u00e9serv\u00e9 \u00e0 nos abonn\u00e9s et clairement indiqu\u00e9 sur chaque fiche.<\/p>\n","protected":false},"excerpt":{"rendered":"<p>Triangle d&rsquo;activit\u00e9s Everearth<\/p>\n<p>\u2764 Diff\u00e9rents bouliers sur 3 faces<br \/>\n\u2764 Formes arrondies pour les petits<br \/>\n\u2764 Bois FSC et couleurs \u00e0 base d&rsquo;eau \ud83c\udf3f<\/p>\n","protected":false},"featured_media":4196,"template":"","meta":[],"product_cat":[15],"product_tag":[],"_links":{"self":[{"href":"https:\/\/www.lesjouetsvoyageurs.com\/location\/wp-json\/wp\/v2\/product\/4194"}],"collection":[{"href":"https:\/\/www.lesjouetsvoyageurs.com\/location\/wp-json\/wp\/v2\/product"}],"about":[{"href":"https:\/\/www.lesjouetsvoyageurs.com\/location\/wp-json\/wp\/v2\/types\/product"}],"wp:featuredmedia":[{"embeddable":true,"href":"https:\/\/www.lesjouetsvoyageurs.com\/location\/wp-json\/wp\/v2\/media\/4196"}],"wp:attachment":[{"href":"https:\/\/www.lesjouetsvoyageurs.com\/location\/wp-json\/wp\/v2\/media?parent=4194"}],"wp:term":[{"taxonomy":"product_cat","embeddable":true,"href":"https:\/\/www.lesjouetsvoyageurs.com\/location\/wp-json\/wp\/v2\/product_cat?post=4194"},{"taxonomy":"product_tag","embeddable":true,"href":"https:\/\/www.lesjouetsvoyageurs.com\/location\/wp-json\/wp\/v2\/product_tag?post=4194"}],"curies":[{"name":"wp","href":"https:\/\/api.w.org\/{rel}","templated":true}]}}