{"id":4198,"date":"2021-01-13T22:48:58","date_gmt":"2021-01-13T20:48:58","guid":{"rendered":"https:\/\/www.lesjouetsvoyageurs.com\/?post_type=product&#038;p=4198"},"modified":"2023-08-23T20:24:09","modified_gmt":"2023-08-23T18:24:09","slug":"trieur-de-formes-everearth","status":"publish","type":"product","link":"https:\/\/www.lesjouetsvoyageurs.com\/location\/jouets\/trieur-de-formes-everearth\/","title":{"rendered":"Trieur de formes Everearth"},"content":{"rendered":"<p>Le trieur de formes <a href=\"https:\/\/everearth-shop.eu\/\" target=\"_blank\" rel=\"noopener\">Everearth<\/a> en forme d&rsquo;arbre est un joli jouet aux couleurs tr\u00e8s douces. Il est conseill\u00e9 pour les enfants \u00e0 partir de 12 mois et aide \u00e0 d\u00e9velopper la motricit\u00e9 fine et la reconnaissance des formes.<\/p>\n<p>Le jouet comprend 9 blocs diff\u00e9rents \u00e0 encastrer dont un renard, un hibou et un ours. Lorsqu&rsquo;un bloc tombe \u00e0 l&rsquo;int\u00e9rieur du sapin, l&rsquo;enfant ouvre une petite porte \u00e0 l&rsquo;arri\u00e8re du jouet pour le r\u00e9cup\u00e9rer. Le jouet peut facilement \u00eatre d\u00e9plac\u00e9e gr\u00e2ce \u00e0 sa poign\u00e9e de transport.<\/p>\n<p>Envie d&rsquo;en savoir plus sur les engagements de la marque?<br \/>\n\ud83d\udc49 Consultez la <a href=\"https:\/\/www.lesjouetsvoyageurs.com\/location\/blog\/jouets-everearth\/\">pr\u00e9sentation de Everearth<\/a>.<\/p>\n<p><span style=\"font-size: 14.4px;\">\ud83d\udc95 Le trieur de forme d\u00e9veloppe la motricit\u00e9 fine et la reconnaissance des formes.<\/span><\/p>\n<h2><span style=\"font-size: 80%;\">Qu&rsquo;est-ce que le prix abonn\u00e9 du trieur de formes Everearth?<\/span><\/h2>\n<p>Lorsque vous avez un coup de coeur pour un jouet et que vous souhaitez le garder : c&rsquo;est possible !<br \/>\nNous vous proposons le jouet \u00e0 un tarif pr\u00e9f\u00e9rentiel, exclusivement r\u00e9serv\u00e9 \u00e0 nos abonn\u00e9s et clairement indiqu\u00e9 sur chaque fiche.<\/p>\n","protected":false},"excerpt":{"rendered":"<p>Triangle de formes Everearth<\/p>\n<p>\u2764 Arbres aux couleurs pastels<br \/>\n\u2764 D\u00e9veloppe la reconnaissance des formes<br \/>\n\u2764 Petite porte \u00e0 ouvrir pour r\u00e9cup\u00e9rer les pi\u00e8ces<br \/>\n\u2764 Bois FSC et couleurs \u00e0 base d&rsquo;eau \ud83c\udf3f<\/p>\n","protected":false},"featured_media":4202,"template":"","meta":[],"product_cat":[15],"product_tag":[],"_links":{"self":[{"href":"https:\/\/www.lesjouetsvoyageurs.com\/location\/wp-json\/wp\/v2\/product\/4198"}],"collection":[{"href":"https:\/\/www.lesjouetsvoyageurs.com\/location\/wp-json\/wp\/v2\/product"}],"about":[{"href":"https:\/\/www.lesjouetsvoyageurs.com\/location\/wp-json\/wp\/v2\/types\/product"}],"wp:featuredmedia":[{"embeddable":true,"href":"https:\/\/www.lesjouetsvoyageurs.com\/location\/wp-json\/wp\/v2\/media\/4202"}],"wp:attachment":[{"href":"https:\/\/www.lesjouetsvoyageurs.com\/location\/wp-json\/wp\/v2\/media?parent=4198"}],"wp:term":[{"taxonomy":"product_cat","embeddable":true,"href":"https:\/\/www.lesjouetsvoyageurs.com\/location\/wp-json\/wp\/v2\/product_cat?post=4198"},{"taxonomy":"product_tag","embeddable":true,"href":"https:\/\/www.lesjouetsvoyageurs.com\/location\/wp-json\/wp\/v2\/product_tag?post=4198"}],"curies":[{"name":"wp","href":"https:\/\/api.w.org\/{rel}","templated":true}]}}