{"id":4226,"date":"2021-01-19T13:04:08","date_gmt":"2021-01-19T11:04:08","guid":{"rendered":"https:\/\/www.lesjouetsvoyageurs.com\/?post_type=product&#038;p=4226"},"modified":"2022-09-28T12:30:56","modified_gmt":"2022-09-28T10:30:56","slug":"hochet-fleur-everearth","status":"publish","type":"product","link":"https:\/\/www.lesjouetsvoyageurs.com\/location\/jouets\/hochet-fleur-everearth\/","title":{"rendered":"Hochet fleur Everearth"},"content":{"rendered":"<p>Le hochet fleur <a href=\"https:\/\/everearth-shop.eu\/\" target=\"_blank\" rel=\"noopener\">Everearth<\/a> est adapt\u00e9 aux tout-petits \u00e0 partir de 6 mois avec sa forme pens\u00e9e pour permettre de l&rsquo;attraper facilement. Fabriqu\u00e9 en bois de h\u00eatre et peint avec des couleurs \u00e0 base d&rsquo;eau, il peut \u00eatre mis \u00e0 la bouche sans risque.<\/p>\n<p>Les trois fleurs s&rsquo;entrechoquent lorsqu&rsquo;on secoue le hochet.<\/p>\n<p>Envie d&rsquo;en savoir plus sur les engagements de la marque?<br \/>\n\ud83d\udc49 Consultez la <a href=\"https:\/\/www.lesjouetsvoyageurs.com\/location\/blog\/jouets-everearth\/\">pr\u00e9sentation de Everearth<\/a>.<\/p>\n<h2><span style=\"font-size: 80%;\">Le \u00ab\u00a0prix abonn\u00e9\u00a0\u00bb du hochet fleur Everearth<\/span><\/h2>\n<p>Si vous d\u00e9cidez de garder le hochet, vous b\u00e9n\u00e9ficierez d&rsquo;un tarif privil\u00e9gi\u00e9 r\u00e9serv\u00e9 \u00e0 nos abonn\u00e9s!<\/p>\n","protected":false},"excerpt":{"rendered":"<p>Hochet en bois de h\u00eatre<\/p>\n<p>\u2764 Pour les petites mains d\u00e8s 6 mois<br \/>\n\u2764 3 fleurs rouge, jaune et orange<br \/>\n\u2764 Bois FSC et couleurs \u00e0 base d&rsquo;eau \ud83c\udf3f<\/p>\n","protected":false},"featured_media":4228,"template":"","meta":[],"product_cat":[15],"product_tag":[],"_links":{"self":[{"href":"https:\/\/www.lesjouetsvoyageurs.com\/location\/wp-json\/wp\/v2\/product\/4226"}],"collection":[{"href":"https:\/\/www.lesjouetsvoyageurs.com\/location\/wp-json\/wp\/v2\/product"}],"about":[{"href":"https:\/\/www.lesjouetsvoyageurs.com\/location\/wp-json\/wp\/v2\/types\/product"}],"wp:featuredmedia":[{"embeddable":true,"href":"https:\/\/www.lesjouetsvoyageurs.com\/location\/wp-json\/wp\/v2\/media\/4228"}],"wp:attachment":[{"href":"https:\/\/www.lesjouetsvoyageurs.com\/location\/wp-json\/wp\/v2\/media?parent=4226"}],"wp:term":[{"taxonomy":"product_cat","embeddable":true,"href":"https:\/\/www.lesjouetsvoyageurs.com\/location\/wp-json\/wp\/v2\/product_cat?post=4226"},{"taxonomy":"product_tag","embeddable":true,"href":"https:\/\/www.lesjouetsvoyageurs.com\/location\/wp-json\/wp\/v2\/product_tag?post=4226"}],"curies":[{"name":"wp","href":"https:\/\/api.w.org\/{rel}","templated":true}]}}