{"id":4230,"date":"2021-01-19T13:22:56","date_gmt":"2021-01-19T11:22:56","guid":{"rendered":"https:\/\/www.lesjouetsvoyageurs.com\/?post_type=product&#038;p=4230"},"modified":"2023-07-07T14:14:30","modified_gmt":"2023-07-07T12:14:30","slug":"hochet-hibou-everearth","status":"publish","type":"product","link":"https:\/\/www.lesjouetsvoyageurs.com\/location\/jouets\/hochet-hibou-everearth\/","title":{"rendered":"Hochet hibou Everearth"},"content":{"rendered":"<p>Le hochet hibou <a href=\"https:\/\/everearth-shop.eu\/\" target=\"_blank\" rel=\"noopener\">Everearth<\/a> est adapt\u00e9 aux b\u00e9b\u00e9s de 6 mois et plus. Son anneau permet aux petites mains de le saisir facilement.<\/p>\n<p>Deux parties mobiles repr\u00e9sentent le visage du hibou qui est endormi d&rsquo;un c\u00f4t\u00e9 et \u00e9veill\u00e9 de l&rsquo;autre. Lorsqu&rsquo;on secoue le hochet, les deux parties s&rsquo;entrechoquent dans un joyeux cliquetis.<\/p>\n<p>Le jouet est fabriqu\u00e9 avec du bois de h\u00eatre certifi\u00e9 FSC. Il est ensuite peint avec des couleurs \u00e0 base d&rsquo;eau parfaitement adapt\u00e9es pour les petits qui mettent tous leurs jouets \u00e0 la bouche !<\/p>\n<p>Envie d&rsquo;en savoir plus sur les engagements de la marque?<br \/>\n\ud83d\udc49 Consultez la <a href=\"https:\/\/www.lesjouetsvoyageurs.com\/location\/blog\/jouets-everearth\/\">pr\u00e9sentation de Everearth<\/a>.<\/p>\n<h2><span style=\"font-size: 80%;\">Qu&rsquo;est-ce que le \u00ab\u00a0prix abonn\u00e9\u00a0\u00bb du hochet hibou Everearth?<\/span><\/h2>\n<p>Tous les jouets propos\u00e9s \u00e0 la location peuvent \u00eatre conserv\u00e9s par les abonn\u00e9s \u00e0 un tarif pr\u00e9f\u00e9rentiel : c&rsquo;est le tarif abonn\u00e9!<\/p>\n","protected":false},"excerpt":{"rendered":"<p>Hochet en bois de h\u00eatre<\/p>\n<p>\u2764 Pour les petites mains d\u00e8s 6 mois<br \/>\n\u2764 Le petit hibou est endormi ou \u00e9veill\u00e9 selon la face que l&rsquo;on regarde<br \/>\n\u2764 Bois FSC et couleurs \u00e0 base d&rsquo;eau \ud83c\udf3f<\/p>\n","protected":false},"featured_media":4233,"template":"","meta":[],"product_cat":[15],"product_tag":[],"_links":{"self":[{"href":"https:\/\/www.lesjouetsvoyageurs.com\/location\/wp-json\/wp\/v2\/product\/4230"}],"collection":[{"href":"https:\/\/www.lesjouetsvoyageurs.com\/location\/wp-json\/wp\/v2\/product"}],"about":[{"href":"https:\/\/www.lesjouetsvoyageurs.com\/location\/wp-json\/wp\/v2\/types\/product"}],"wp:featuredmedia":[{"embeddable":true,"href":"https:\/\/www.lesjouetsvoyageurs.com\/location\/wp-json\/wp\/v2\/media\/4233"}],"wp:attachment":[{"href":"https:\/\/www.lesjouetsvoyageurs.com\/location\/wp-json\/wp\/v2\/media?parent=4230"}],"wp:term":[{"taxonomy":"product_cat","embeddable":true,"href":"https:\/\/www.lesjouetsvoyageurs.com\/location\/wp-json\/wp\/v2\/product_cat?post=4230"},{"taxonomy":"product_tag","embeddable":true,"href":"https:\/\/www.lesjouetsvoyageurs.com\/location\/wp-json\/wp\/v2\/product_tag?post=4230"}],"curies":[{"name":"wp","href":"https:\/\/api.w.org\/{rel}","templated":true}]}}