{"id":4234,"date":"2021-01-19T13:35:54","date_gmt":"2021-01-19T11:35:54","guid":{"rendered":"https:\/\/www.lesjouetsvoyageurs.com\/?post_type=product&#038;p=4234"},"modified":"2023-03-28T11:14:53","modified_gmt":"2023-03-28T09:14:53","slug":"petit-dejeuner-everearth","status":"publish","type":"product","link":"https:\/\/www.lesjouetsvoyageurs.com\/location\/jouets\/petit-dejeuner-everearth\/","title":{"rendered":"Set petit d\u00e9jeuner Everearth"},"content":{"rendered":"<p>Le set petit d\u00e9jeuner <a href=\"https:\/\/everearth-shop.eu\/\" target=\"_blank\" rel=\"noopener\">Everearth<\/a> convient aux enfants de deux ans et plus. Il comprend neuf pi\u00e8ces en bois pour pr\u00e9parer comme un grand le repas le plus important de la journ\u00e9e! Au menu ce matin : des tartines de pain dor\u00e9es, du beurre frais et de la confiture de fraise maison, miam!<\/p>\n<p>Le set comprend un grille pain r\u00e9aliste avec son bouton \u00e0 tourner qui produit un joli cliquetis et son m\u00e9canisme pour faire remonter les tranches de pain lorsqu&rsquo;elles sont pr\u00eates! Il y a \u00e9galement un pot de confiture, deux tranches de pain, trois morceaux de beurre, une assiette et un couteau pour beurrer les tartines. Avec le set petit d\u00e9jeuner Everearth, l&rsquo;enfant dispose de tout ce qu&rsquo;il faut pour imiter ses parents et d\u00e9veloppe son imagination.<\/p>\n<p>Chaque \u00e9l\u00e9ment est fabriqu\u00e9 avec du bois de h\u00eatre certifi\u00e9 FSC. Il est ensuite peint avec des couleurs \u00e0 base d&rsquo;eau garanties sans produit toxique.<\/p>\n<p>Envie d&rsquo;en savoir plus sur les engagements de la marque?<br \/>\n\ud83d\udc49 Consultez la <a href=\"https:\/\/www.lesjouetsvoyageurs.com\/location\/blog\/jouets-everearth\/\">pr\u00e9sentation de Everearth<\/a>.<\/p>\n<h2><span style=\"font-size: 80%;\">Le \u00ab\u00a0prix abonn\u00e9\u00a0\u00bb du set petit d\u00e9jeuner Everearth, de quoi s&rsquo;agit-il?<\/span><\/h2>\n<p>Tous les jouets propos\u00e9s \u00e0 la location peuvent \u00eatre conserv\u00e9s par les abonn\u00e9s \u00e0 un tarif pr\u00e9f\u00e9rentiel clairement indiqu\u00e9 sur chaque fiche produit.<\/p>\n","protected":false},"excerpt":{"rendered":"<p>Set petit-d\u00e9jeuner 9 pi\u00e8ces<\/p>\n<p>\u2764 Pour faire comme papa et maman<br \/>\n\u2764 Toaster tr\u00e8s r\u00e9aliste<br \/>\n\u2764 Bois FSC et couleurs \u00e0 base d&rsquo;eau \ud83c\udf3f<\/p>\n","protected":false},"featured_media":4236,"template":"","meta":[],"product_cat":[15],"product_tag":[],"_links":{"self":[{"href":"https:\/\/www.lesjouetsvoyageurs.com\/location\/wp-json\/wp\/v2\/product\/4234"}],"collection":[{"href":"https:\/\/www.lesjouetsvoyageurs.com\/location\/wp-json\/wp\/v2\/product"}],"about":[{"href":"https:\/\/www.lesjouetsvoyageurs.com\/location\/wp-json\/wp\/v2\/types\/product"}],"wp:featuredmedia":[{"embeddable":true,"href":"https:\/\/www.lesjouetsvoyageurs.com\/location\/wp-json\/wp\/v2\/media\/4236"}],"wp:attachment":[{"href":"https:\/\/www.lesjouetsvoyageurs.com\/location\/wp-json\/wp\/v2\/media?parent=4234"}],"wp:term":[{"taxonomy":"product_cat","embeddable":true,"href":"https:\/\/www.lesjouetsvoyageurs.com\/location\/wp-json\/wp\/v2\/product_cat?post=4234"},{"taxonomy":"product_tag","embeddable":true,"href":"https:\/\/www.lesjouetsvoyageurs.com\/location\/wp-json\/wp\/v2\/product_tag?post=4234"}],"curies":[{"name":"wp","href":"https:\/\/api.w.org\/{rel}","templated":true}]}}