{"id":4237,"date":"2021-01-19T14:09:42","date_gmt":"2021-01-19T12:09:42","guid":{"rendered":"https:\/\/www.lesjouetsvoyageurs.com\/?post_type=product&#038;p=4237"},"modified":"2025-04-28T12:41:00","modified_gmt":"2025-04-28T10:41:00","slug":"boulier-pecheur-everearth","status":"publish","type":"product","link":"https:\/\/www.lesjouetsvoyageurs.com\/location\/jouets\/boulier-pecheur-everearth\/","title":{"rendered":"Boulier p\u00eacheur Everearth"},"content":{"rendered":"<p>Ce boulier p\u00eacheur <a href=\"https:\/\/everearth-shop.eu\/\" target=\"_blank\" rel=\"noopener\">Everearth<\/a> est un vrai coup de coeur! D\u00e8s 12 mois, les enfants vont adorer explorer les diff\u00e9rents \u00e9l\u00e9ments de ce jouet tr\u00e8s complet.<\/p>\n<p>Le chalutier comprend \u00e0 la fois un boulier, un petit personnage de 3 pi\u00e8ces \u00e0 empiler, un gouvernail \u00e0 faire tourner et des pi\u00e8ces g\u00e9om\u00e9triques \u00e0 encastrer. Cerise sur le g\u00e2teau, un syst\u00e8me simple mais ing\u00e9nieux permet de propulser les \u00e9l\u00e9ments du boulier le long de leur tige. Jetez un oeil \u00e0 la vid\u00e9o! \ud83d\ude09<\/p>\n<p>Chaque \u00e9l\u00e9ment est fabriqu\u00e9 avec du bois de h\u00eatre certifi\u00e9 FSC. Il est ensuite peint avec des couleurs \u00e0 base d&rsquo;eau garanties sans produit toxique.<\/p>\n<p>Envie d&rsquo;en savoir plus sur les engagements de la marque?<br \/>\n\ud83d\udc49 Consultez la <a href=\"https:\/\/www.lesjouetsvoyageurs.com\/location\/blog\/jouets-everearth\/\">pr\u00e9sentation de Everearth<\/a>.<\/p>\n<h2><span style=\"font-size: 80%;\">Le \u00ab\u00a0prix abonn\u00e9\u00a0\u00bb du boulier p\u00eacheur Everearth, de quoi s&rsquo;agit-il?<\/span><\/h2>\n<p>Tous les jouets propos\u00e9s \u00e0 la location peuvent \u00eatre conserv\u00e9s par les abonn\u00e9s \u00e0 un tarif pr\u00e9f\u00e9rentiel clairement indiqu\u00e9 sur chaque fiche produit.<\/p>\n","protected":false},"excerpt":{"rendered":"<p>Boulier p\u00eacheur Everearth<\/p>\n<p>\u2764 Plein d&rsquo;\u00e9l\u00e9ments ludiques \u00e0 d\u00e9couvrir<br \/>\n\u2764 Crabe, poissons, \u00e9toiles de mer, b\u00e9b\u00e9 d\u00e9couvre la mer<br \/>\n\u2764 Bois FSC et couleurs \u00e0 base d&rsquo;eau \ud83c\udf3f<\/p>\n","protected":false},"featured_media":4239,"template":"","meta":[],"product_cat":[15],"product_tag":[],"_links":{"self":[{"href":"https:\/\/www.lesjouetsvoyageurs.com\/location\/wp-json\/wp\/v2\/product\/4237"}],"collection":[{"href":"https:\/\/www.lesjouetsvoyageurs.com\/location\/wp-json\/wp\/v2\/product"}],"about":[{"href":"https:\/\/www.lesjouetsvoyageurs.com\/location\/wp-json\/wp\/v2\/types\/product"}],"wp:featuredmedia":[{"embeddable":true,"href":"https:\/\/www.lesjouetsvoyageurs.com\/location\/wp-json\/wp\/v2\/media\/4239"}],"wp:attachment":[{"href":"https:\/\/www.lesjouetsvoyageurs.com\/location\/wp-json\/wp\/v2\/media?parent=4237"}],"wp:term":[{"taxonomy":"product_cat","embeddable":true,"href":"https:\/\/www.lesjouetsvoyageurs.com\/location\/wp-json\/wp\/v2\/product_cat?post=4237"},{"taxonomy":"product_tag","embeddable":true,"href":"https:\/\/www.lesjouetsvoyageurs.com\/location\/wp-json\/wp\/v2\/product_tag?post=4237"}],"curies":[{"name":"wp","href":"https:\/\/api.w.org\/{rel}","templated":true}]}}