{"id":4240,"date":"2021-01-19T14:43:58","date_gmt":"2021-01-19T12:43:58","guid":{"rendered":"https:\/\/www.lesjouetsvoyageurs.com\/?post_type=product&#038;p=4240"},"modified":"2025-03-19T16:47:35","modified_gmt":"2025-03-19T14:47:35","slug":"couverture-piscine-everearth","status":"publish","type":"product","link":"https:\/\/www.lesjouetsvoyageurs.com\/location\/jouets\/couverture-piscine-everearth\/","title":{"rendered":"Piscine de plage Everearth 2 en 1"},"content":{"rendered":"<p>La couverture piscine <a href=\"https:\/\/everearth-shop.eu\/\" target=\"_blank\" rel=\"noopener\">Everearth<\/a> est parfaite pour les journ\u00e9es \u00e0 la plage avec les tout-petits!<\/p>\n<p>La premi\u00e8re face peut \u00eatre utilis\u00e9e comme couverture, tr\u00e8s pratique \u00e0 l&rsquo;heure du picnic. Il suffit ensuite de creuser un peu dans le sable et de retourner la couverture pour la transformer en piscinette pour enfants. La sacoche de transport imperm\u00e9able peut \u00eatre utilis\u00e9e pour transporter l&rsquo;eau et remplir la piscinette. Ainsi, les enfants barbotent dans l&rsquo;eau en toute s\u00e9curit\u00e9 sous votre surveillance !<\/p>\n<p>Le rev\u00eatement technique utilis\u00e9 est \u00e0 la fois l\u00e9ger, \u00e9tanche et durable. Il s\u00e8che facilement et se nettoie d&rsquo;un simple coup d&rsquo;\u00e9ponge. La surface non glissante rend son utilisation encore plus s\u00fbre pour les petits.<\/p>\n<p>Envie d&rsquo;en savoir plus sur les engagements de la marque?<br \/>\n\ud83d\udc49 Consultez la <a href=\"https:\/\/www.lesjouetsvoyageurs.com\/location\/blog\/jouets-everearth\/\">pr\u00e9sentation de Everearth<\/a>.<\/p>\n<h2><span style=\"font-size: 80%;\">Le \u00ab\u00a0prix abonn\u00e9\u00a0\u00bb de la couverture piscine Everearth 2 en1<\/span><\/h2>\n<p>Tous les jouets propos\u00e9s \u00e0 la location peuvent \u00eatre conserv\u00e9s par les abonn\u00e9s \u00e0 un tarif pr\u00e9f\u00e9rentiel clairement indiqu\u00e9 sur chaque fiche produit.<\/p>\n","protected":false},"excerpt":{"rendered":"<p>Couverture piscine Everearth<\/p>\n<p>\u2764 Pour que les petits profitent de la plage en toute s\u00e9curit\u00e9<br \/>\n\u2764 Couverture r\u00e9versible tr\u00e8s pratique<br \/>\n\u2764 S\u00e8che rapidement et se nettoie facilement<\/p>\n","protected":false},"featured_media":4242,"template":"","meta":[],"product_cat":[15],"product_tag":[],"_links":{"self":[{"href":"https:\/\/www.lesjouetsvoyageurs.com\/location\/wp-json\/wp\/v2\/product\/4240"}],"collection":[{"href":"https:\/\/www.lesjouetsvoyageurs.com\/location\/wp-json\/wp\/v2\/product"}],"about":[{"href":"https:\/\/www.lesjouetsvoyageurs.com\/location\/wp-json\/wp\/v2\/types\/product"}],"wp:featuredmedia":[{"embeddable":true,"href":"https:\/\/www.lesjouetsvoyageurs.com\/location\/wp-json\/wp\/v2\/media\/4242"}],"wp:attachment":[{"href":"https:\/\/www.lesjouetsvoyageurs.com\/location\/wp-json\/wp\/v2\/media?parent=4240"}],"wp:term":[{"taxonomy":"product_cat","embeddable":true,"href":"https:\/\/www.lesjouetsvoyageurs.com\/location\/wp-json\/wp\/v2\/product_cat?post=4240"},{"taxonomy":"product_tag","embeddable":true,"href":"https:\/\/www.lesjouetsvoyageurs.com\/location\/wp-json\/wp\/v2\/product_tag?post=4240"}],"curies":[{"name":"wp","href":"https:\/\/api.w.org\/{rel}","templated":true}]}}