{"id":4258,"date":"2021-01-20T16:00:54","date_gmt":"2021-01-20T14:00:54","guid":{"rendered":"https:\/\/www.lesjouetsvoyageurs.com\/?post_type=product&#038;p=4258"},"modified":"2022-09-18T17:09:21","modified_gmt":"2022-09-18T15:09:21","slug":"wobbel-starter-rose","status":"publish","type":"product","link":"https:\/\/www.lesjouetsvoyageurs.com\/location\/jouets\/wobbel-starter-rose\/","title":{"rendered":"Wobbel Starter &#8211; Planche d&rsquo;\u00e9quilibre pour enfants de 1 \u00e0 3 ans (rose ancien)"},"content":{"rendered":"<p>La planche d&rsquo;\u00e9quilibre Wobbel Starter peut \u00eatre utilis\u00e9e d\u00e8s l&rsquo;\u00e2ge d&rsquo;un an et reste id\u00e9ale jusqu&rsquo;\u00e0 3 ans. Elle permet aux enfants de tester leur \u00e9quilibre et ils lui trouveront mille et une utilisations !<\/p>\n<p>Envie d&rsquo;en savoir plus sur les engagements de la marque?<br \/>\n\ud83d\udc49 <a href=\"https:\/\/www.wobbel.eu\/en\/about-the-wobbel\/about-us\/\" target=\"_blank\" rel=\"noopener\">Consultez la pr\u00e9sentation de Wobbel<\/a>.<\/p>\n<p><span style=\"font-size: 14.4px;\">\ud83d\udc95 Pour jouer, regarder un livre et m\u00eame faire la sieste !<\/span><\/p>\n<h2><span style=\"font-size: 80%;\">La Wobbel Starter peut supporter un poids de 100kg.<\/span><\/h2>\n<p>LE PRIX ABONN\u00c9 C&rsquo;EST QUOI?<br \/>\nVous avez un coup de coeur pour un jouet propos\u00e9 \u00e0 la location?<br \/>\nNous vous proposons de garder chaque jouet lou\u00e9 \u00e0 un prix pr\u00e9f\u00e9rentiel, clairement indiqu\u00e9 sur chaque fiche.<\/p>\n","protected":false},"excerpt":{"rendered":"<p>Planche d&rsquo;\u00e9quilibre pour les enfants de 1 \u00e0 3 ans<\/p>\n<p>\u2764 Feutrine couleur \u00ab\u00a0vieux rose\u00a0\u00bb<br \/>\n\u2764 D\u00e9veloppe l&rsquo;\u00e9quilibre<br \/>\n\u2764 1001 fa\u00e7ons de l&rsquo;utiliser<br \/>\n\u2764 Tr\u00e8s stable<\/p>\n","protected":false},"featured_media":4259,"template":"","meta":[],"product_cat":[15],"product_tag":[],"_links":{"self":[{"href":"https:\/\/www.lesjouetsvoyageurs.com\/location\/wp-json\/wp\/v2\/product\/4258"}],"collection":[{"href":"https:\/\/www.lesjouetsvoyageurs.com\/location\/wp-json\/wp\/v2\/product"}],"about":[{"href":"https:\/\/www.lesjouetsvoyageurs.com\/location\/wp-json\/wp\/v2\/types\/product"}],"wp:featuredmedia":[{"embeddable":true,"href":"https:\/\/www.lesjouetsvoyageurs.com\/location\/wp-json\/wp\/v2\/media\/4259"}],"wp:attachment":[{"href":"https:\/\/www.lesjouetsvoyageurs.com\/location\/wp-json\/wp\/v2\/media?parent=4258"}],"wp:term":[{"taxonomy":"product_cat","embeddable":true,"href":"https:\/\/www.lesjouetsvoyageurs.com\/location\/wp-json\/wp\/v2\/product_cat?post=4258"},{"taxonomy":"product_tag","embeddable":true,"href":"https:\/\/www.lesjouetsvoyageurs.com\/location\/wp-json\/wp\/v2\/product_tag?post=4258"}],"curies":[{"name":"wp","href":"https:\/\/api.w.org\/{rel}","templated":true}]}}