{"id":4260,"date":"2021-01-20T16:11:03","date_gmt":"2021-01-20T14:11:03","guid":{"rendered":"https:\/\/www.lesjouetsvoyageurs.com\/?post_type=product&#038;p=4260"},"modified":"2022-09-18T17:09:07","modified_gmt":"2022-09-18T15:09:07","slug":"voiture-waytoplay-en-bois","status":"publish","type":"product","link":"https:\/\/www.lesjouetsvoyageurs.com\/location\/jouets\/voiture-waytoplay-en-bois\/","title":{"rendered":"Voiture Waytoplay en bois &#8211; plusieurs coloris"},"content":{"rendered":"<p>Cette petite voiture en bois <a href=\"https:\/\/www.lesjouetsvoyageurs.com\/location\/blog\/circuit-waytoplay-d-occasion\/\">Waytoplay<\/a> est parfaite \u00e0 utiliser avec les circuits souples de la marque. Par s\u00e9curit\u00e9, elle s&rsquo;adresse aux enfants de 3 ans et plus. Elle est id\u00e9ale en compl\u00e9ment des circuits souples de la m\u00eame marque. Le petite voiture Waytoplay est disponible en coloris naturel, bleu ou rouge.<\/p>\n<p>Envie d&rsquo;en savoir plus sur les engagements de la marque?<br \/>\n\ud83d\udc49 <a href=\"https:\/\/www.waytoplay.toys\/fr\/pages\/openend\" target=\"_blank\" rel=\"noopener\">Consultez la pr\u00e9sentation de Waytoplay<\/a>.<\/p>\n<h2><span style=\"font-size: 80%;\">La voiture en bois Waytoplay est aussi disponible au tarif abonn\u00e9.<\/span><\/h2>\n<p>LE PRIX ABONN\u00c9 C&rsquo;EST QUOI?<br \/>\nVous avez un coup de coeur pour un jouet propos\u00e9 \u00e0 la location?<br \/>\nNous vous proposons de garder chaque jouet lou\u00e9 \u00e0 un prix pr\u00e9f\u00e9rentiel, clairement indiqu\u00e9 sur chaque fiche.<\/p>\n","protected":false},"excerpt":{"rendered":"<p>Petite voiture Waytoplay en bois<\/p>\n<p>\u2764 Parfait avec les circuits souples Waytoplay<br \/>\n\u2764 Look vintage r\u00e9tro<br \/>\n\u2764 Encourage l&rsquo;imagination<\/p>\n","protected":false},"featured_media":4267,"template":"","meta":[],"product_cat":[15],"product_tag":[],"_links":{"self":[{"href":"https:\/\/www.lesjouetsvoyageurs.com\/location\/wp-json\/wp\/v2\/product\/4260"}],"collection":[{"href":"https:\/\/www.lesjouetsvoyageurs.com\/location\/wp-json\/wp\/v2\/product"}],"about":[{"href":"https:\/\/www.lesjouetsvoyageurs.com\/location\/wp-json\/wp\/v2\/types\/product"}],"wp:featuredmedia":[{"embeddable":true,"href":"https:\/\/www.lesjouetsvoyageurs.com\/location\/wp-json\/wp\/v2\/media\/4267"}],"wp:attachment":[{"href":"https:\/\/www.lesjouetsvoyageurs.com\/location\/wp-json\/wp\/v2\/media?parent=4260"}],"wp:term":[{"taxonomy":"product_cat","embeddable":true,"href":"https:\/\/www.lesjouetsvoyageurs.com\/location\/wp-json\/wp\/v2\/product_cat?post=4260"},{"taxonomy":"product_tag","embeddable":true,"href":"https:\/\/www.lesjouetsvoyageurs.com\/location\/wp-json\/wp\/v2\/product_tag?post=4260"}],"curies":[{"name":"wp","href":"https:\/\/api.w.org\/{rel}","templated":true}]}}