{"id":4273,"date":"2021-01-20T21:56:49","date_gmt":"2021-01-20T19:56:49","guid":{"rendered":"https:\/\/www.lesjouetsvoyageurs.com\/?post_type=product&#038;p=4273"},"modified":"2022-09-18T17:08:39","modified_gmt":"2022-09-18T15:08:39","slug":"guitare-hape-baby-einstein","status":"publish","type":"product","link":"https:\/\/www.lesjouetsvoyageurs.com\/location\/jouets\/guitare-hape-baby-einstein\/","title":{"rendered":"Guitare Hape Baby Einstein"},"content":{"rendered":"<p>La guitare Hape Baby Einstein peut \u00eatre utilis\u00e9e \u00e0 partir de 12 mois. Il suffit d&rsquo;appuyer sur les touches pour produire des sons. Mais cette guitare \u00e9lectrique propose \u00e9galement une exp\u00e9rience tr\u00e8s similaire \u00e0 celle d&rsquo;une vraie guitare. La reconnaissance tactile des doigts de b\u00e9b\u00e9 simule le frottage des cordes et il y a m\u00eame un vibrato. Bluffant !<\/p>\n<p>Envie d&rsquo;en savoir plus sur les engagements de la marque?<br \/>\n\ud83d\udc49 Consultez la pr\u00e9sentation de Hape.<\/p>\n<p><span style=\"font-size: 14.4px;\">\ud83d\udc95 La premi\u00e8re guitare de b\u00e9b\u00e9. Les baby rockeurs vont s&rsquo;\u00e9clater, leurs parents aussi !<\/span><\/p>\n<h2><span style=\"font-size: 80%;\">Le tarif abonn\u00e9 de la guitare Hape Baby Einstein.<\/span><\/h2>\n<p>Nous vous proposons de garder chaque jouet lou\u00e9 \u00e0 un prix pr\u00e9f\u00e9rentiel, clairement indiqu\u00e9 sur chaque fiche.<\/p>\n","protected":false},"excerpt":{"rendered":"<p>Guitare tactile pour les tout petits<\/p>\n<p>\u2764 Produit des sons par simple \u00ab\u00a0effleurement\u00a0\u00bb des touches et cordes<br \/>\n\u2764 Produit un joli son de guitare et des bruits d&rsquo;animaux<br \/>\n\u2764 Accessible d\u00e8s 12 mois<\/p>\n","protected":false},"featured_media":4274,"template":"","meta":[],"product_cat":[15],"product_tag":[],"_links":{"self":[{"href":"https:\/\/www.lesjouetsvoyageurs.com\/location\/wp-json\/wp\/v2\/product\/4273"}],"collection":[{"href":"https:\/\/www.lesjouetsvoyageurs.com\/location\/wp-json\/wp\/v2\/product"}],"about":[{"href":"https:\/\/www.lesjouetsvoyageurs.com\/location\/wp-json\/wp\/v2\/types\/product"}],"wp:featuredmedia":[{"embeddable":true,"href":"https:\/\/www.lesjouetsvoyageurs.com\/location\/wp-json\/wp\/v2\/media\/4274"}],"wp:attachment":[{"href":"https:\/\/www.lesjouetsvoyageurs.com\/location\/wp-json\/wp\/v2\/media?parent=4273"}],"wp:term":[{"taxonomy":"product_cat","embeddable":true,"href":"https:\/\/www.lesjouetsvoyageurs.com\/location\/wp-json\/wp\/v2\/product_cat?post=4273"},{"taxonomy":"product_tag","embeddable":true,"href":"https:\/\/www.lesjouetsvoyageurs.com\/location\/wp-json\/wp\/v2\/product_tag?post=4273"}],"curies":[{"name":"wp","href":"https:\/\/api.w.org\/{rel}","templated":true}]}}