{"id":4292,"date":"2021-01-21T21:27:34","date_gmt":"2021-01-21T19:27:34","guid":{"rendered":"https:\/\/www.lesjouetsvoyageurs.com\/?post_type=product&#038;p=4292"},"modified":"2023-06-03T09:00:08","modified_gmt":"2023-06-03T07:00:08","slug":"cube-d-activites-poisson-hape","status":"publish","type":"product","link":"https:\/\/www.lesjouetsvoyageurs.com\/location\/jouets\/cube-d-activites-poisson-hape\/","title":{"rendered":"Cube d&rsquo;activit\u00e9s poisson Hape"},"content":{"rendered":"<p>Ce cube d&rsquo;activit\u00e9s Hape plaira beaucoup aux petits avec sa face poisson rigolote. Chaque face du cube mesure environ 18 cm de c\u00f4t\u00e9 et avec le boulier sur le dessus, la hauteur totale du jouet est d&rsquo;environ 33 cm. Il est conseill\u00e9 pour les enfants \u00e0 partir de 24 mois afin de pouvoir appr\u00e9hender le fonctionnement de la roue des couleurs : je superpose deux couleurs pour en obtenir une troisi\u00e8me.<\/p>\n<p>Parmi les activit\u00e9s propos\u00e9es, il y a notamment un boulier multicolore, un grand miroir et une roue des couleurs.<\/p>\n<p>Envie d&rsquo;en savoir plus sur les engagements de la marque?<br \/>\n\ud83d\udc49 Consultez la pr\u00e9sentation de Hape.<\/p>\n<p><span style=\"font-size: 14.4px;\">\ud83d\udc95 Cube d&rsquo;activit\u00e9s complet pour b\u00e9b\u00e9<\/span><\/p>\n<h2><span style=\"font-size: 80%;\">Le tarif abonn\u00e9 du cube d&rsquo;activit\u00e9s poisson.<\/span><\/h2>\n<p>Nous vous proposons de garder chaque jouet lou\u00e9 \u00e0 un prix pr\u00e9f\u00e9rentiel, clairement indiqu\u00e9 sur chaque fiche.<\/p>\n","protected":false},"excerpt":{"rendered":"<p>Cube d&rsquo;activit\u00e9s en bois<\/p>\n<p>\u2764 Une grande face miroir<br \/>\n\u2764 5 activit\u00e9s diff\u00e9rentes<br \/>\n\u2764 Poisson amusant avec ses yeux qui bougent<\/p>\n","protected":false},"featured_media":4295,"template":"","meta":[],"product_cat":[15],"product_tag":[],"_links":{"self":[{"href":"https:\/\/www.lesjouetsvoyageurs.com\/location\/wp-json\/wp\/v2\/product\/4292"}],"collection":[{"href":"https:\/\/www.lesjouetsvoyageurs.com\/location\/wp-json\/wp\/v2\/product"}],"about":[{"href":"https:\/\/www.lesjouetsvoyageurs.com\/location\/wp-json\/wp\/v2\/types\/product"}],"wp:featuredmedia":[{"embeddable":true,"href":"https:\/\/www.lesjouetsvoyageurs.com\/location\/wp-json\/wp\/v2\/media\/4295"}],"wp:attachment":[{"href":"https:\/\/www.lesjouetsvoyageurs.com\/location\/wp-json\/wp\/v2\/media?parent=4292"}],"wp:term":[{"taxonomy":"product_cat","embeddable":true,"href":"https:\/\/www.lesjouetsvoyageurs.com\/location\/wp-json\/wp\/v2\/product_cat?post=4292"},{"taxonomy":"product_tag","embeddable":true,"href":"https:\/\/www.lesjouetsvoyageurs.com\/location\/wp-json\/wp\/v2\/product_tag?post=4292"}],"curies":[{"name":"wp","href":"https:\/\/api.w.org\/{rel}","templated":true}]}}