{"id":4297,"date":"2021-01-21T22:07:13","date_gmt":"2021-01-21T20:07:13","guid":{"rendered":"https:\/\/www.lesjouetsvoyageurs.com\/?post_type=product&#038;p=4297"},"modified":"2023-03-22T16:37:00","modified_gmt":"2023-03-22T14:37:00","slug":"table-dactivites-petits-indiens","status":"publish","type":"product","link":"https:\/\/www.lesjouetsvoyageurs.com\/location\/jouets\/table-dactivites-petits-indiens\/","title":{"rendered":"Table d&rsquo;activit\u00e9s des petits indiens"},"content":{"rendered":"<p><span style=\"font-size: 14.4px;\">La hauteur et la stabilit\u00e9 de la table d&rsquo;activit\u00e9s sont parfaites pour les tout-petits \u00e0 partir de 10 mois, d\u00e8s qu&rsquo;ils commencent \u00e0 se mettre debout.<\/span><\/p>\n<p>La table d&rsquo;activit\u00e9s des petits indiens propose de nombreuses activit\u00e9s avec ses personnages \u00e0 empiler, ses \u00e9l\u00e9ments \u00e0 encastrer et son boulier.<\/p>\n<p>Ce jouet a \u00e9t\u00e9 contr\u00f4l\u00e9, nettoy\u00e9 et st\u00e9rilis\u00e9 pour avoir une nouvelle vie. Il est disponible en seulement quelques exemplaires sur notre site et, contrairement \u00e0 d&rsquo;autres marques, nous ne pourrons pas effectuer de r\u00e9assort en cas de rupture.<\/p>\n<p>\ud83d\udc49\u00a0 En savoir plus sur notre d\u00e9marche de r\u00e9emploi<span style=\"font-size: 14.4px;\">.<\/span><\/p>\n<p><span style=\"font-size: 14.4px;\">\ud83d\udc95 On adore les couleurs douces et le design de cette table d&rsquo;activit\u00e9s.<\/span><\/p>\n<p>LE PRIX ABONN\u00c9 C&rsquo;EST QUOI?<br \/>\nVous avez un coup de coeur pour un jouet propos\u00e9 \u00e0 la location?<br \/>\nNous vous proposons de garder chaque jouet lou\u00e9 \u00e0 un prix pr\u00e9f\u00e9rentiel, clairement indiqu\u00e9 sur chaque fiche.<\/p>\n","protected":false},"excerpt":{"rendered":"<p>Table d&rsquo;activit\u00e9s pastel<\/p>\n<p>\u2764 Pour les tout-petits d\u00e8s 10 mois<br \/>\n\u2764 Plusieurs activit\u00e9s : encastrement, boulier, empilement&#8230;<br \/>\n\u2764 Sa stabilit\u00e9 aide b\u00e9b\u00e9 \u00e0 se mettre debout<\/p>\n","protected":false},"featured_media":4299,"template":"","meta":[],"product_cat":[15],"product_tag":[],"_links":{"self":[{"href":"https:\/\/www.lesjouetsvoyageurs.com\/location\/wp-json\/wp\/v2\/product\/4297"}],"collection":[{"href":"https:\/\/www.lesjouetsvoyageurs.com\/location\/wp-json\/wp\/v2\/product"}],"about":[{"href":"https:\/\/www.lesjouetsvoyageurs.com\/location\/wp-json\/wp\/v2\/types\/product"}],"wp:featuredmedia":[{"embeddable":true,"href":"https:\/\/www.lesjouetsvoyageurs.com\/location\/wp-json\/wp\/v2\/media\/4299"}],"wp:attachment":[{"href":"https:\/\/www.lesjouetsvoyageurs.com\/location\/wp-json\/wp\/v2\/media?parent=4297"}],"wp:term":[{"taxonomy":"product_cat","embeddable":true,"href":"https:\/\/www.lesjouetsvoyageurs.com\/location\/wp-json\/wp\/v2\/product_cat?post=4297"},{"taxonomy":"product_tag","embeddable":true,"href":"https:\/\/www.lesjouetsvoyageurs.com\/location\/wp-json\/wp\/v2\/product_tag?post=4297"}],"curies":[{"name":"wp","href":"https:\/\/api.w.org\/{rel}","templated":true}]}}