{"id":4300,"date":"2021-01-21T22:20:50","date_gmt":"2021-01-21T20:20:50","guid":{"rendered":"https:\/\/www.lesjouetsvoyageurs.com\/?post_type=product&#038;p=4300"},"modified":"2023-09-29T14:17:57","modified_gmt":"2023-09-29T12:17:57","slug":"jeu-engrenages-herisson","status":"publish","type":"product","link":"https:\/\/www.lesjouetsvoyageurs.com\/location\/jouets\/jeu-engrenages-herisson\/","title":{"rendered":"Jeu d&rsquo;engrenages h\u00e9risson"},"content":{"rendered":"<p>Ce jeu d&rsquo;engrenages h\u00e9risson conviendra aux enfants de 3 ans et plus. Il n\u00e9cessite que l&rsquo;enfant soit familiaris\u00e9 avec le concept de cause \u00e0 effet et qu&rsquo;il fasse preuve de patience et de pers\u00e9v\u00e9rance pour comprendre comment il doit placer les engrenages pour r\u00e9ussir \u00e0 les faire tourner.<\/p>\n<p>Ce jouet de la marque a \u00e9t\u00e9 contr\u00f4l\u00e9, nettoy\u00e9 et st\u00e9rilis\u00e9 pour avoir une nouvelle vie. Il est disponible en seulement quelques exemplaires sur notre site et, contrairement \u00e0 d&rsquo;autres marques, nous ne pourrons pas effectuer de r\u00e9assort en cas de rupture.<\/p>\n<p>\ud83d\udc49\u00a0 En savoir plus sur notre d\u00e9marche de r\u00e9emploi<span style=\"font-size: 14.4px;\">.<\/span><\/p>\n<p><span style=\"font-size: 14.4px;\">\ud83d\udc95 On adore les couleurs douces et le design de cette table d&rsquo;activit\u00e9s.<\/span><\/p>\n<p>LE PRIX ABONN\u00c9 C&rsquo;EST QUOI?<br \/>\nVous avez un coup de coeur pour un jouet propos\u00e9 \u00e0 la location?<br \/>\nNous vous proposons de garder chaque jouet lou\u00e9 \u00e0 un prix pr\u00e9f\u00e9rentiel, clairement indiqu\u00e9 sur chaque fiche.<\/p>\n","protected":false},"excerpt":{"rendered":"<p>Jeu d&rsquo;engrenages h\u00e9risson<\/p>\n<p>\u2764 Pour les enfants \u00e0 partir de 3 ans minimum<br \/>\n\u2764 Stimule la r\u00e9flexion et la logique de l&rsquo;enfant<br \/>\n\u2764 N\u00e9cessite de la concentration et de la pers\u00e9v\u00e9rance<\/p>\n","protected":false},"featured_media":4302,"template":"","meta":[],"product_cat":[15],"product_tag":[],"_links":{"self":[{"href":"https:\/\/www.lesjouetsvoyageurs.com\/location\/wp-json\/wp\/v2\/product\/4300"}],"collection":[{"href":"https:\/\/www.lesjouetsvoyageurs.com\/location\/wp-json\/wp\/v2\/product"}],"about":[{"href":"https:\/\/www.lesjouetsvoyageurs.com\/location\/wp-json\/wp\/v2\/types\/product"}],"wp:featuredmedia":[{"embeddable":true,"href":"https:\/\/www.lesjouetsvoyageurs.com\/location\/wp-json\/wp\/v2\/media\/4302"}],"wp:attachment":[{"href":"https:\/\/www.lesjouetsvoyageurs.com\/location\/wp-json\/wp\/v2\/media?parent=4300"}],"wp:term":[{"taxonomy":"product_cat","embeddable":true,"href":"https:\/\/www.lesjouetsvoyageurs.com\/location\/wp-json\/wp\/v2\/product_cat?post=4300"},{"taxonomy":"product_tag","embeddable":true,"href":"https:\/\/www.lesjouetsvoyageurs.com\/location\/wp-json\/wp\/v2\/product_tag?post=4300"}],"curies":[{"name":"wp","href":"https:\/\/api.w.org\/{rel}","templated":true}]}}