{"id":4351,"date":"2021-01-24T10:20:00","date_gmt":"2021-01-24T08:20:00","guid":{"rendered":"https:\/\/www.lesjouetsvoyageurs.com\/?post_type=product&#038;p=4351"},"modified":"2023-04-14T19:27:51","modified_gmt":"2023-04-14T17:27:51","slug":"camion-de-pompier-en-bois","status":"publish","type":"product","link":"https:\/\/www.lesjouetsvoyageurs.com\/location\/jouets\/camion-de-pompier-en-bois\/","title":{"rendered":"Camion de pompier en bois"},"content":{"rendered":"<p>Ce camion de pompier en bois ravira les enfants de 18 mois et plus. Avec sa belle couleur rouge et son \u00e9chelle amovible, les petits seront conquis! Et pour secourir les doudous, un petit chat et un petit ours sont aussi de la partie pour jouer aux pompiers.<\/p>\n<p>Ce jouet a \u00e9t\u00e9 contr\u00f4l\u00e9, nettoy\u00e9 et st\u00e9rilis\u00e9 pour avoir une nouvelle vie. Il est disponible en seulement quelques exemplaires sur notre site et, contrairement \u00e0 d&rsquo;autres marques, nous ne pourrons pas effectuer de r\u00e9assort en cas de rupture.<\/p>\n<p>\ud83d\udc49\u00a0 En savoir plus sur notre d\u00e9marche de r\u00e9emploi<span style=\"font-size: 14.4px;\">.<\/span><\/p>\n<p><span style=\"font-size: 14.4px;\">\ud83d\udc95 Un camion de pompier en bois et ses petits personnages tr\u00e8s mignons.<\/span><\/p>\n<p>LE PRIX ABONN\u00c9 C&rsquo;EST QUOI?<br \/>\nVous avez un coup de coeur pour un jouet propos\u00e9 \u00e0 la location?<br \/>\nNous vous proposons de garder chaque jouet lou\u00e9 \u00e0 un prix pr\u00e9f\u00e9rentiel, clairement indiqu\u00e9 sur chaque fiche.<\/p>\n","protected":false},"excerpt":{"rendered":"<p>Camion de pompier en bois \ud83d\ude92<\/p>\n<p>\u2764 Pour les enfants \u00e0 partir de 18 mois<br \/>\n\u2764 Comprend un petit chat et un petit ours pompiers<br \/>\n\u2764 Echelle amovible<\/p>\n","protected":false},"featured_media":4352,"template":"","meta":[],"product_cat":[15],"product_tag":[],"_links":{"self":[{"href":"https:\/\/www.lesjouetsvoyageurs.com\/location\/wp-json\/wp\/v2\/product\/4351"}],"collection":[{"href":"https:\/\/www.lesjouetsvoyageurs.com\/location\/wp-json\/wp\/v2\/product"}],"about":[{"href":"https:\/\/www.lesjouetsvoyageurs.com\/location\/wp-json\/wp\/v2\/types\/product"}],"wp:featuredmedia":[{"embeddable":true,"href":"https:\/\/www.lesjouetsvoyageurs.com\/location\/wp-json\/wp\/v2\/media\/4352"}],"wp:attachment":[{"href":"https:\/\/www.lesjouetsvoyageurs.com\/location\/wp-json\/wp\/v2\/media?parent=4351"}],"wp:term":[{"taxonomy":"product_cat","embeddable":true,"href":"https:\/\/www.lesjouetsvoyageurs.com\/location\/wp-json\/wp\/v2\/product_cat?post=4351"},{"taxonomy":"product_tag","embeddable":true,"href":"https:\/\/www.lesjouetsvoyageurs.com\/location\/wp-json\/wp\/v2\/product_tag?post=4351"}],"curies":[{"name":"wp","href":"https:\/\/api.w.org\/{rel}","templated":true}]}}