{"id":4357,"date":"2021-01-24T11:38:01","date_gmt":"2021-01-24T09:38:01","guid":{"rendered":"https:\/\/www.lesjouetsvoyageurs.com\/?post_type=product&#038;p=4357"},"modified":"2022-09-18T17:06:01","modified_gmt":"2022-09-18T15:06:01","slug":"tapis-deveil-et-arche-mer","status":"publish","type":"product","link":"https:\/\/www.lesjouetsvoyageurs.com\/location\/jouets\/tapis-deveil-et-arche-mer\/","title":{"rendered":"Tapis d&rsquo;\u00e9veil et arche th\u00e8me marin"},"content":{"rendered":"<p>Ce tapis d&rsquo;\u00e9veil et arche de 90 cm de diam\u00e8tre comprend de nombreux \u00e9l\u00e9ments sur le th\u00e8me de la mer pour \u00e9veiller b\u00e9b\u00e9. Les arches sont maintenues par un syst\u00e8me de pressions. 3 \u00e9l\u00e9ments suspendus attirent l&rsquo;attention de b\u00e9b\u00e9 et une bo\u00eete musical qui joue \u00ab\u00a0Fly me to the Moon\u00a0\u00bb. \ud83c\udf19<\/p>\n<p>Sur le tapis, b\u00e9b\u00e9 trouvera notamment un crabe, une raie et une tortue. Tous ses sens seront en \u00e9veil avec les hochets, miroirs et les diff\u00e9rentes textures. Le tapis \u00e9pais et confortable est garni de polyester pour le confort de b\u00e9b\u00e9.<\/p>\n<p>Ce tapis a \u00e9t\u00e9 contr\u00f4l\u00e9, nettoy\u00e9 et st\u00e9rilis\u00e9 pour avoir une nouvelle vie. Il est disponible en seulement quelques exemplaires sur notre site et, contrairement \u00e0 d&rsquo;autres marques, nous ne pourrons pas effectuer de r\u00e9assort en cas de rupture.<\/p>\n<p>\ud83d\udc49\u00a0 En savoir plus sur notre d\u00e9marche de r\u00e9emploi<span style=\"font-size: 14.4px;\">.<\/span><\/p>\n<p><span style=\"font-size: 14.4px;\">\ud83d\udc95 B\u00e9b\u00e9 s&rsquo;\u00e9veille au monde sur son tapis confortable.<\/span><\/p>\n<p>LE PRIX ABONN\u00c9 C&rsquo;EST QUOI?<br \/>\nVous avez un coup de coeur pour un jouet propos\u00e9 \u00e0 la location?<br \/>\nNous vous proposons de garder chaque jouet lou\u00e9 \u00e0 un prix pr\u00e9f\u00e9rentiel, clairement indiqu\u00e9 sur chaque fiche.<\/p>\n","protected":false},"excerpt":{"rendered":"<p>Un tapis d&rsquo;\u00e9veil et arche sur le th\u00e8me de la mer<\/p>\n<p>\u2764 Avec une bo\u00eete \u00e0 musique<br \/>\n\u2764 Diff\u00e9rents \u00e9l\u00e9ments et textures pour l&rsquo;\u00e9veil<br \/>\n\u2764 Tapis \u00e9pais et confortable<\/p>\n","protected":false},"featured_media":4359,"template":"","meta":[],"product_cat":[15],"product_tag":[],"_links":{"self":[{"href":"https:\/\/www.lesjouetsvoyageurs.com\/location\/wp-json\/wp\/v2\/product\/4357"}],"collection":[{"href":"https:\/\/www.lesjouetsvoyageurs.com\/location\/wp-json\/wp\/v2\/product"}],"about":[{"href":"https:\/\/www.lesjouetsvoyageurs.com\/location\/wp-json\/wp\/v2\/types\/product"}],"wp:featuredmedia":[{"embeddable":true,"href":"https:\/\/www.lesjouetsvoyageurs.com\/location\/wp-json\/wp\/v2\/media\/4359"}],"wp:attachment":[{"href":"https:\/\/www.lesjouetsvoyageurs.com\/location\/wp-json\/wp\/v2\/media?parent=4357"}],"wp:term":[{"taxonomy":"product_cat","embeddable":true,"href":"https:\/\/www.lesjouetsvoyageurs.com\/location\/wp-json\/wp\/v2\/product_cat?post=4357"},{"taxonomy":"product_tag","embeddable":true,"href":"https:\/\/www.lesjouetsvoyageurs.com\/location\/wp-json\/wp\/v2\/product_tag?post=4357"}],"curies":[{"name":"wp","href":"https:\/\/api.w.org\/{rel}","templated":true}]}}