{"id":4376,"date":"2021-01-31T19:13:51","date_gmt":"2021-01-31T17:13:51","guid":{"rendered":"https:\/\/www.lesjouetsvoyageurs.com\/?post_type=product&#038;p=4376"},"modified":"2023-05-31T12:37:33","modified_gmt":"2023-05-31T10:37:33","slug":"trotteur-wishbone-bike","status":"publish","type":"product","link":"https:\/\/www.lesjouetsvoyageurs.com\/location\/jouets\/trotteur-wishbone-bike\/","title":{"rendered":"Trotteur Wishbone Bike 3 en 1"},"content":{"rendered":"<p>Le trotteur Wishbone Bike mini flip 3 en 1 est tr\u00e8s stable. Il peut \u00eatre utilis\u00e9 par les tout-petits d\u00e8s 9 mois et supporte jusqu&rsquo;\u00e0 20 kilos ce qui permet de l&rsquo;utiliser jusqu&rsquo;\u00e0 3 ans environ.<\/p>\n<p>Avec son syst\u00e8me de loquets, vous pouvez transformer le trotteur en seulement quelques secondes. Vous passez en un clin d&rsquo;oeil d&rsquo;un jouet \u00e0 pousser, \u00e0 un trotteur ou \u00e0 une bascule. On adore!<\/p>\n<p>Le trotteur Wishbone Bike est fabriqu\u00e9 en bois de bouleau certifi\u00e9 FSC, en aluminium et en acier. Wishbone est une marque de jouets n\u00e9o-z\u00e9landaise qui imagine des jouets durables et intemporels. R\u00e9parables et modulables, tous les jouets Wishbone peuvent avoir plusieurs vies gr\u00e2ce aux pi\u00e8ces d\u00e9tach\u00e9es disponibles.<\/p>\n<p>\ud83d\udc49\u00a0 En savoir plus sur la marque de jouets \u00e9co-responsable <a href=\"https:\/\/wishbonedesign.com\/\" target=\"_blank\" rel=\"noopener\">Wishbone Bike<\/a><span style=\"font-size: 14.4px;\">.<\/span><\/p>\n<p><span style=\"font-size: 14.4px;\">\ud83d\udc95 Se transforme en quelques secondes.<\/span><\/p>\n<p>LE PRIX ABONN\u00c9 C&rsquo;EST QUOI?<br \/>\nVous avez un coup de coeur pour un jouet propos\u00e9 \u00e0 la location?<br \/>\nNous vous proposons de garder chaque jouet lou\u00e9 \u00e0 un prix pr\u00e9f\u00e9rentiel, clairement indiqu\u00e9 sur chaque fiche.<\/p>\n","protected":false},"excerpt":{"rendered":"<p>Trotteur Wishbone Bike 3 en 1<\/p>\n<p>\u2764 Se transforme en quelques secondes<br \/>\n\u2764 Trotteur, bascule et jouet \u00e0 pousser<br \/>\n\u2764 Accessible d\u00e8s 9 mois<\/p>\n","protected":false},"featured_media":4378,"template":"","meta":[],"product_cat":[15],"product_tag":[],"_links":{"self":[{"href":"https:\/\/www.lesjouetsvoyageurs.com\/location\/wp-json\/wp\/v2\/product\/4376"}],"collection":[{"href":"https:\/\/www.lesjouetsvoyageurs.com\/location\/wp-json\/wp\/v2\/product"}],"about":[{"href":"https:\/\/www.lesjouetsvoyageurs.com\/location\/wp-json\/wp\/v2\/types\/product"}],"wp:featuredmedia":[{"embeddable":true,"href":"https:\/\/www.lesjouetsvoyageurs.com\/location\/wp-json\/wp\/v2\/media\/4378"}],"wp:attachment":[{"href":"https:\/\/www.lesjouetsvoyageurs.com\/location\/wp-json\/wp\/v2\/media?parent=4376"}],"wp:term":[{"taxonomy":"product_cat","embeddable":true,"href":"https:\/\/www.lesjouetsvoyageurs.com\/location\/wp-json\/wp\/v2\/product_cat?post=4376"},{"taxonomy":"product_tag","embeddable":true,"href":"https:\/\/www.lesjouetsvoyageurs.com\/location\/wp-json\/wp\/v2\/product_tag?post=4376"}],"curies":[{"name":"wp","href":"https:\/\/api.w.org\/{rel}","templated":true}]}}