{"id":4396,"date":"2021-02-02T15:20:45","date_gmt":"2021-02-02T13:20:45","guid":{"rendered":"https:\/\/www.lesjouetsvoyageurs.com\/?post_type=product&#038;p=4396"},"modified":"2022-09-18T17:03:58","modified_gmt":"2022-09-18T15:03:58","slug":"4-quilles-en-tissu-velours","status":"publish","type":"product","link":"https:\/\/www.lesjouetsvoyageurs.com\/location\/jouets\/4-quilles-en-tissu-velours\/","title":{"rendered":"4 quilles en tissu et balle velours"},"content":{"rendered":"<p>Ces quatre quilles en tissu repr\u00e9sentent un chat, un \u00e2ne, un renard et un raton-laveur. Les quilles en tissu mesurent environ 24 centim\u00e8tres de hauteur.<\/p>\n<p>Une balle souple et tr\u00e8s douce qui contient un grelot est \u00e9galement fournie. Un joli jouet en velours qui peut \u00eatre propos\u00e9e \u00e0 b\u00e9b\u00e9 d\u00e8s la naissance !<\/p>\n<p>Les quilles sont stables et tiennent facilement debout. Votre enfant prendra beaucoup de plaisir \u00e0 les faire tomber, d&rsquo;abord avec les mains puis avec la balle. Il d\u00e9couvrira ainsi les joies du bowling.<\/p>\n<p><span style=\"font-size: 14.4px;\">\ud83d\udc95 Un premier jeu d&rsquo;adresse qui ravira b\u00e9b\u00e9.<\/span><\/p>\n<p>LE PRIX ABONN\u00c9 C&rsquo;EST QUOI?<br \/>\nVous avez un coup de coeur pour un jouet propos\u00e9 \u00e0 la location?<br \/>\nNous vous proposons de garder chaque jouet lou\u00e9 \u00e0 un prix pr\u00e9f\u00e9rentiel, clairement indiqu\u00e9 sur chaque fiche.<\/p>\n","protected":false},"excerpt":{"rendered":"<p>Jeu de quilles en tissu pour b\u00e9b\u00e9<\/p>\n<p>\u2764 4 quilles et une balle en velours tr\u00e8s douce<br \/>\n\u2764 Convient aux b\u00e9b\u00e9s d\u00e8s la naissance<br \/>\n\u2764 D\u00e9veloppe la motricit\u00e9<\/p>\n","protected":false},"featured_media":4401,"template":"","meta":[],"product_cat":[15],"product_tag":[],"_links":{"self":[{"href":"https:\/\/www.lesjouetsvoyageurs.com\/location\/wp-json\/wp\/v2\/product\/4396"}],"collection":[{"href":"https:\/\/www.lesjouetsvoyageurs.com\/location\/wp-json\/wp\/v2\/product"}],"about":[{"href":"https:\/\/www.lesjouetsvoyageurs.com\/location\/wp-json\/wp\/v2\/types\/product"}],"wp:featuredmedia":[{"embeddable":true,"href":"https:\/\/www.lesjouetsvoyageurs.com\/location\/wp-json\/wp\/v2\/media\/4401"}],"wp:attachment":[{"href":"https:\/\/www.lesjouetsvoyageurs.com\/location\/wp-json\/wp\/v2\/media?parent=4396"}],"wp:term":[{"taxonomy":"product_cat","embeddable":true,"href":"https:\/\/www.lesjouetsvoyageurs.com\/location\/wp-json\/wp\/v2\/product_cat?post=4396"},{"taxonomy":"product_tag","embeddable":true,"href":"https:\/\/www.lesjouetsvoyageurs.com\/location\/wp-json\/wp\/v2\/product_tag?post=4396"}],"curies":[{"name":"wp","href":"https:\/\/api.w.org\/{rel}","templated":true}]}}