{"id":4407,"date":"2021-02-02T16:34:35","date_gmt":"2021-02-02T14:34:35","guid":{"rendered":"https:\/\/www.lesjouetsvoyageurs.com\/?post_type=product&#038;p=4407"},"modified":"2022-09-18T17:03:23","modified_gmt":"2022-09-18T15:03:23","slug":"3-balles-de-bain-en-neoprene","status":"publish","type":"product","link":"https:\/\/www.lesjouetsvoyageurs.com\/location\/jouets\/3-balles-de-bain-en-neoprene\/","title":{"rendered":"3 balles de bain en n\u00e9opr\u00e8ne"},"content":{"rendered":"<p>Ces 3 balles de bain accompagneront avec bonheur votre b\u00e9b\u00e9 \u00e0 l&rsquo;heure de son bain. Elles flottent \u00e0 la surface de l&rsquo;eau mais gr\u00e2ce \u00e0 leur ventouse, vous pouvez les fixer \u00e0 la paroi du bain pour qu&rsquo;elles restent \u00e0 port\u00e9e de main de b\u00e9b\u00e9.<\/p>\n<p><span style=\"font-size: 14.4px;\">\ud83d\udc95 Accompagne le bain de b\u00e9b\u00e9 d\u00e8s 3 mois.<\/span><\/p>\n<p>LE PRIX ABONN\u00c9 C&rsquo;EST QUOI?<br \/>\nVous avez un coup de coeur pour un jouet propos\u00e9 \u00e0 la location?<br \/>\nNous vous proposons de garder chaque jouet lou\u00e9 \u00e0 un prix pr\u00e9f\u00e9rentiel, clairement indiqu\u00e9 sur chaque fiche.<\/p>\n","protected":false},"excerpt":{"rendered":"<p>3 balles de bain en n\u00e9opr\u00e8ne<\/p>\n<p>\u2764 Se fixent \u00e0 la paroi du bain avec leur ventouse<br \/>\n\u2764 Flottent \u00e0 la surface de l&rsquo;eau<br \/>\n\u2764 Accompagnent le bain de b\u00e9b\u00e9 d\u00e8s 3 mois<\/p>\n","protected":false},"featured_media":4408,"template":"","meta":[],"product_cat":[15],"product_tag":[],"_links":{"self":[{"href":"https:\/\/www.lesjouetsvoyageurs.com\/location\/wp-json\/wp\/v2\/product\/4407"}],"collection":[{"href":"https:\/\/www.lesjouetsvoyageurs.com\/location\/wp-json\/wp\/v2\/product"}],"about":[{"href":"https:\/\/www.lesjouetsvoyageurs.com\/location\/wp-json\/wp\/v2\/types\/product"}],"wp:featuredmedia":[{"embeddable":true,"href":"https:\/\/www.lesjouetsvoyageurs.com\/location\/wp-json\/wp\/v2\/media\/4408"}],"wp:attachment":[{"href":"https:\/\/www.lesjouetsvoyageurs.com\/location\/wp-json\/wp\/v2\/media?parent=4407"}],"wp:term":[{"taxonomy":"product_cat","embeddable":true,"href":"https:\/\/www.lesjouetsvoyageurs.com\/location\/wp-json\/wp\/v2\/product_cat?post=4407"},{"taxonomy":"product_tag","embeddable":true,"href":"https:\/\/www.lesjouetsvoyageurs.com\/location\/wp-json\/wp\/v2\/product_tag?post=4407"}],"curies":[{"name":"wp","href":"https:\/\/api.w.org\/{rel}","templated":true}]}}