{"id":4409,"date":"2021-02-02T16:51:34","date_gmt":"2021-02-02T14:51:34","guid":{"rendered":"https:\/\/www.lesjouetsvoyageurs.com\/?post_type=product&#038;p=4409"},"modified":"2022-09-18T17:03:11","modified_gmt":"2022-09-18T15:03:11","slug":"puzzle-magnetique-du-monde","status":"publish","type":"product","link":"https:\/\/www.lesjouetsvoyageurs.com\/location\/jouets\/puzzle-magnetique-du-monde\/","title":{"rendered":"Puzzle magn\u00e9tique du monde"},"content":{"rendered":"<p>Ce puzzle magn\u00e9tique du monde mesure 46 centim\u00e8tres de large et 32 centim\u00e8tre de hauteur. Accessible aux enfants \u00e0 partir de 3 ans, il les aidera \u00e0 d\u00e9couvrir le monde en s&rsquo;amusant. Pour chaque zone g\u00e9ographique, l&rsquo;enfant d\u00e9couvre les monuments et animaux embl\u00e9matiques.<\/p>\n<p><span style=\"font-size: 14.4px;\">\ud83d\udc95 On aime les jolies illustrations et les belles couleurs de ce puzzle magn\u00e9tique du monde<\/span><\/p>\n<p>LE PRIX ABONN\u00c9 C&rsquo;EST QUOI?<br \/>\nVous avez un coup de coeur pour un jouet propos\u00e9 \u00e0 la location?<br \/>\nNous vous proposons de garder chaque jouet lou\u00e9 \u00e0 un prix pr\u00e9f\u00e9rentiel, clairement indiqu\u00e9 sur chaque fiche.<\/p>\n","protected":false},"excerpt":{"rendered":"<p>Puzzle magn\u00e9tique du monde<\/p>\n<p>\u2764 On aime les illustrations et les couleurs<br \/>\n\u2764 Pour chaque zone g\u00e9ographique, l&rsquo;enfant d\u00e9couvre les animaux et monument embl\u00e9matiques<br \/>\n\u2764 Pour les enfants \u00e0 partir de 3 ans<\/p>\n","protected":false},"featured_media":4411,"template":"","meta":[],"product_cat":[15],"product_tag":[],"_links":{"self":[{"href":"https:\/\/www.lesjouetsvoyageurs.com\/location\/wp-json\/wp\/v2\/product\/4409"}],"collection":[{"href":"https:\/\/www.lesjouetsvoyageurs.com\/location\/wp-json\/wp\/v2\/product"}],"about":[{"href":"https:\/\/www.lesjouetsvoyageurs.com\/location\/wp-json\/wp\/v2\/types\/product"}],"wp:featuredmedia":[{"embeddable":true,"href":"https:\/\/www.lesjouetsvoyageurs.com\/location\/wp-json\/wp\/v2\/media\/4411"}],"wp:attachment":[{"href":"https:\/\/www.lesjouetsvoyageurs.com\/location\/wp-json\/wp\/v2\/media?parent=4409"}],"wp:term":[{"taxonomy":"product_cat","embeddable":true,"href":"https:\/\/www.lesjouetsvoyageurs.com\/location\/wp-json\/wp\/v2\/product_cat?post=4409"},{"taxonomy":"product_tag","embeddable":true,"href":"https:\/\/www.lesjouetsvoyageurs.com\/location\/wp-json\/wp\/v2\/product_tag?post=4409"}],"curies":[{"name":"wp","href":"https:\/\/api.w.org\/{rel}","templated":true}]}}