{"id":4413,"date":"2021-02-02T17:24:26","date_gmt":"2021-02-02T15:24:26","guid":{"rendered":"https:\/\/www.lesjouetsvoyageurs.com\/?post_type=product&#038;p=4413"},"modified":"2023-10-21T13:42:58","modified_gmt":"2023-10-21T11:42:58","slug":"puzzle-magnetique-de-la-france","status":"publish","type":"product","link":"https:\/\/www.lesjouetsvoyageurs.com\/location\/jouets\/puzzle-magnetique-de-la-france\/","title":{"rendered":"Puzzle magn\u00e9tique de la France"},"content":{"rendered":"<p>Ce puzzle magn\u00e9tique de la France mesure 36 centim\u00e8tres de large et 36 centim\u00e8tre de hauteur. Accessible aux enfants \u00e0 partir de 3 ans, il les aidera \u00e0 d\u00e9couvrir les d\u00e9partements et r\u00e9gions de France tout en s&rsquo;amusant.<\/p>\n<p>Pour chaque d\u00e9partement, l&rsquo;enfant d\u00e9couvre son nom, son num\u00e9ro et son chef-lieu. Une illustration pr\u00e9sente \u00e9galement un aspect du patrimoine local : les moules dans le Nord, les pommes pour le Calvados, le surf dans les Landes&#8230;<\/p>\n<p><span style=\"font-size: 14.4px;\">\ud83d\udc95 On aime les jolies illustrations et les belles couleurs de ce puzzle magn\u00e9tique de la France<\/span><\/p>\n<p>LE PRIX ABONN\u00c9 C&rsquo;EST QUOI?<br \/>\nVous avez un coup de coeur pour un jouet propos\u00e9 \u00e0 la location?<br \/>\nNous vous proposons de garder chaque jouet lou\u00e9 \u00e0 un prix pr\u00e9f\u00e9rentiel, clairement indiqu\u00e9 sur chaque fiche.<\/p>\n","protected":false},"excerpt":{"rendered":"<p>Puzzle magn\u00e9tique de la France<\/p>\n<p>\u2764 On aime les illustrations et les couleurs<br \/>\n\u2764 Pour chaque d\u00e9partement, l&rsquo;enfant d\u00e9couvre le chef-lieu et le num\u00e9ro associ\u00e9<br \/>\n\u2764 Pour les enfants \u00e0 partir de 3 ans<\/p>\n","protected":false},"featured_media":4415,"template":"","meta":[],"product_cat":[15],"product_tag":[],"_links":{"self":[{"href":"https:\/\/www.lesjouetsvoyageurs.com\/location\/wp-json\/wp\/v2\/product\/4413"}],"collection":[{"href":"https:\/\/www.lesjouetsvoyageurs.com\/location\/wp-json\/wp\/v2\/product"}],"about":[{"href":"https:\/\/www.lesjouetsvoyageurs.com\/location\/wp-json\/wp\/v2\/types\/product"}],"wp:featuredmedia":[{"embeddable":true,"href":"https:\/\/www.lesjouetsvoyageurs.com\/location\/wp-json\/wp\/v2\/media\/4415"}],"wp:attachment":[{"href":"https:\/\/www.lesjouetsvoyageurs.com\/location\/wp-json\/wp\/v2\/media?parent=4413"}],"wp:term":[{"taxonomy":"product_cat","embeddable":true,"href":"https:\/\/www.lesjouetsvoyageurs.com\/location\/wp-json\/wp\/v2\/product_cat?post=4413"},{"taxonomy":"product_tag","embeddable":true,"href":"https:\/\/www.lesjouetsvoyageurs.com\/location\/wp-json\/wp\/v2\/product_tag?post=4413"}],"curies":[{"name":"wp","href":"https:\/\/api.w.org\/{rel}","templated":true}]}}