{"id":4417,"date":"2021-02-02T17:43:42","date_gmt":"2021-02-02T15:43:42","guid":{"rendered":"https:\/\/www.lesjouetsvoyageurs.com\/?post_type=product&#038;p=4417"},"modified":"2022-09-18T17:02:46","modified_gmt":"2022-09-18T15:02:46","slug":"tableau-calendrier-au-fil-du-temps","status":"publish","type":"product","link":"https:\/\/www.lesjouetsvoyageurs.com\/location\/jouets\/tableau-calendrier-au-fil-du-temps\/","title":{"rendered":"Tableau calendrier &#8211; Au fil du temps"},"content":{"rendered":"<p>Ce tableau calendrier permet aux enfants d&rsquo;appr\u00e9hender le temps qui passe \u00e0 travers les heures, les jours, les mois et les saisons. Les notions de m\u00e9t\u00e9orologie sont aussi abord\u00e9es avec le ciel et les temp\u00e9ratures.<\/p>\n<p>D\u00e8s 3 ans, ce tableau aide les enfants \u00e0 se rep\u00e9rer dans le temps. Chaque zone de ce tableau calendrier a une fonction sp\u00e9cifique. Il y a cinq curseurs pour la date, le jour de la semaine, le mois en cours, la m\u00e9t\u00e9o et la temp\u00e9rature. Il y a \u00e9galement deux roues pour l&rsquo;heure et les saisons.<\/p>\n<p><span style=\"font-size: 14.4px;\">\ud83d\udc95 On aime les petits personnages joyeux de ce tableau calendrier<\/span><\/p>\n<p>LE PRIX ABONN\u00c9 C&rsquo;EST QUOI?<br \/>\nVous avez un coup de coeur pour un jouet propos\u00e9 \u00e0 la location?<br \/>\nNous vous proposons de garder chaque jouet lou\u00e9 \u00e0 un prix pr\u00e9f\u00e9rentiel, clairement indiqu\u00e9 sur chaque fiche.<\/p>\n","protected":false},"excerpt":{"rendered":"<p>Tableau calendrier Au fil du temps<\/p>\n<p>\u2764 On aime les illustrations et les couleurs<br \/>\n\u2764 7 \u00e9l\u00e9ments pour appr\u00e9hender le temps qui passe<br \/>\n\u2764 Pour les enfants \u00e0 partir de 3 ans<\/p>\n","protected":false},"featured_media":4419,"template":"","meta":[],"product_cat":[15],"product_tag":[],"_links":{"self":[{"href":"https:\/\/www.lesjouetsvoyageurs.com\/location\/wp-json\/wp\/v2\/product\/4417"}],"collection":[{"href":"https:\/\/www.lesjouetsvoyageurs.com\/location\/wp-json\/wp\/v2\/product"}],"about":[{"href":"https:\/\/www.lesjouetsvoyageurs.com\/location\/wp-json\/wp\/v2\/types\/product"}],"wp:featuredmedia":[{"embeddable":true,"href":"https:\/\/www.lesjouetsvoyageurs.com\/location\/wp-json\/wp\/v2\/media\/4419"}],"wp:attachment":[{"href":"https:\/\/www.lesjouetsvoyageurs.com\/location\/wp-json\/wp\/v2\/media?parent=4417"}],"wp:term":[{"taxonomy":"product_cat","embeddable":true,"href":"https:\/\/www.lesjouetsvoyageurs.com\/location\/wp-json\/wp\/v2\/product_cat?post=4417"},{"taxonomy":"product_tag","embeddable":true,"href":"https:\/\/www.lesjouetsvoyageurs.com\/location\/wp-json\/wp\/v2\/product_tag?post=4417"}],"curies":[{"name":"wp","href":"https:\/\/api.w.org\/{rel}","templated":true}]}}