{"id":4760,"date":"2021-02-09T11:55:16","date_gmt":"2021-02-09T09:55:16","guid":{"rendered":"https:\/\/www.lesjouetsvoyageurs.com\/?post_type=product&#038;p=4760"},"modified":"2022-09-18T17:02:19","modified_gmt":"2022-09-18T15:02:19","slug":"table-lumineuse-bac-exploration-sensorielle","status":"publish","type":"product","link":"https:\/\/www.lesjouetsvoyageurs.com\/location\/jouets\/table-lumineuse-bac-exploration-sensorielle\/","title":{"rendered":"Table lumineuse et bac d&rsquo;exploration sensorielle"},"content":{"rendered":"<p>La table lumineuse et le bac d&rsquo;exploration sensorielle Tickit permettent aux enfants de pratiquer une multitude d&rsquo;activit\u00e9s merveilleuses! Branchez la table lumineuse sur le secteur avec la prise fournie, ajoutez le bac d&rsquo;exploration sensorielle. Vous \u00eates pr\u00eat \u00e0 faire vivre une v\u00e9ritable exp\u00e9rience sensorielle \u00e0 votre enfant.<\/p>\n<p>L&rsquo;intensit\u00e9 lumineuse est r\u00e9glable avec 3 niveaux diff\u00e9rents. Cette table lumineuse est au format A3, ce qui correspond \u00e0 une surface lumineuse de 30 x 42 cm. Le bac d&rsquo;exploration sensoriel est parfaitement adapt\u00e9 aux dimensions de la table.<\/p>\n<h2><span style=\"font-size: 80%;\">Activit\u00e9s \u00e0 r\u00e9aliser avec la table lumineuse<\/span><\/h2>\n<p>La table lumineuse est parfaite pour utiliser de la peinture \u00e0 doigts. Le bac d&rsquo;exploration permet d&rsquo;\u00e9viter les projections et se nettoie facilement. Le bac d&rsquo;exploration sensorielle peut \u00e9galement \u00eatre rempli avec du sable.<\/p>\n<p>Vous pouvez aussi utiliser des accessoires color\u00e9s qui \u00e9merveilleront votre enfant comme les cascades arc-en-ciel TickIt, les chiffres et lettres translucides, les demi-sph\u00e8res ou les blocs que nous proposons \u00e9galement \u00e0 la location.<\/p>\n<p>Au retour d&rsquo;une ballade dans la nature, la table lumineuse et le bac d&rsquo;exploration permettent d&rsquo;observer la nature et notamment les feuilles d&rsquo;automne.<\/p>\n<p>La table lumineuse permet \u00e9galement de r\u00e9aliser des th\u00e9\u00e2tres d&rsquo;ombres. D\u00e9coupez des personnages en papier avec votre enfant et inventez des histoires en les pla\u00e7ant sur la table lumineuse.<\/p>\n<p>La table lumineuse peut \u00e9galement \u00eatre utilis\u00e9e avec des radios. Vous n&rsquo;en avez pas? L&rsquo;enfant peut facilement imprimer ses empreintes digitales sur du papier transparent pour les observer avec la table lumineuse.<\/p>\n<p><span style=\"font-size: 14.4px;\">\ud83d\udc95 Un merveilleux outil d&rsquo;\u00e9veil sensoriel pour un moment de d\u00e9couverte partag\u00e9 par l&rsquo;enfant et l&rsquo;adulte.<br \/>\nAttention, ne laissez pas l&rsquo;enfant utiliser cet outil d&rsquo;\u00e9veil sans surveillance.<\/span><\/p>\n<p>LE PRIX ABONN\u00c9 C&rsquo;EST QUOI?<br \/>\nVous avez un coup de coeur pour un jouet propos\u00e9 \u00e0 la location?<br \/>\nNous vous proposons de garder chaque jouet lou\u00e9 \u00e0 un prix pr\u00e9f\u00e9rentiel, clairement indiqu\u00e9 sur chaque fiche.<\/p>\n","protected":false},"excerpt":{"rendered":"<p>Table lumineuse et bac d&rsquo;\u00e9veil sensoriel<\/p>\n<p>\u2764 Permet de r\u00e9aliser une multitude d&rsquo;activit\u00e9s<br \/>\n\u2764 3 intensit\u00e9s lumineuses<br \/>\n\u2764 Bac d&rsquo;\u00e9veil sensoriel fourni<\/p>\n","protected":false},"featured_media":4761,"template":"","meta":[],"product_cat":[15],"product_tag":[],"_links":{"self":[{"href":"https:\/\/www.lesjouetsvoyageurs.com\/location\/wp-json\/wp\/v2\/product\/4760"}],"collection":[{"href":"https:\/\/www.lesjouetsvoyageurs.com\/location\/wp-json\/wp\/v2\/product"}],"about":[{"href":"https:\/\/www.lesjouetsvoyageurs.com\/location\/wp-json\/wp\/v2\/types\/product"}],"wp:featuredmedia":[{"embeddable":true,"href":"https:\/\/www.lesjouetsvoyageurs.com\/location\/wp-json\/wp\/v2\/media\/4761"}],"wp:attachment":[{"href":"https:\/\/www.lesjouetsvoyageurs.com\/location\/wp-json\/wp\/v2\/media?parent=4760"}],"wp:term":[{"taxonomy":"product_cat","embeddable":true,"href":"https:\/\/www.lesjouetsvoyageurs.com\/location\/wp-json\/wp\/v2\/product_cat?post=4760"},{"taxonomy":"product_tag","embeddable":true,"href":"https:\/\/www.lesjouetsvoyageurs.com\/location\/wp-json\/wp\/v2\/product_tag?post=4760"}],"curies":[{"name":"wp","href":"https:\/\/api.w.org\/{rel}","templated":true}]}}