{"id":4818,"date":"2021-02-11T10:52:33","date_gmt":"2021-02-11T08:52:33","guid":{"rendered":"https:\/\/www.lesjouetsvoyageurs.com\/?post_type=product&#038;p=4818"},"modified":"2023-12-07T22:07:10","modified_gmt":"2023-12-07T20:07:10","slug":"balancoire-des-animaux-lego-duplo","status":"publish","type":"product","link":"https:\/\/www.lesjouetsvoyageurs.com\/location\/jouets\/balancoire-des-animaux-lego-duplo\/","title":{"rendered":"Lego DUPLO &#8211; La balan\u00e7oire des animaux"},"content":{"rendered":"<p>Les tout-petits vont pouvoir d\u00e9couvrir le monde des Lego avec la balan\u00e7oire des animaux Duplo. Les pi\u00e8ces de grande taille sont adapt\u00e9es pour les petits \u00e0 partir de 18 mois. Les diff\u00e9rentes pi\u00e8ces sont facile \u00e0 empiler pour que l&rsquo;enfant d\u00e9couvre la construction avec plaisir!<\/p>\n<p>Cet ensemble Lego Duplo comprend des animaux de la jungle aux couleurs vives. Un singe, un \u00e9l\u00e9phant, un tigre et un panda jouent les \u00e9quilibristes sur la balan\u00e7oire. Vous trouverez \u00e9galement deux petites briques qui permettent de stabiliser la balan\u00e7oire pour faciliter la d\u00e9couverte de ce jouet par l&rsquo;enfant.<\/p>\n<p>Nous avons s\u00e9lectionn\u00e9 cet ensemble pour sa durabilit\u00e9 et son succ\u00e8s syst\u00e9matique aupr\u00e8s des tout-petits. Avec la location de jouets, il pourra avoir de nombreuses vies!<\/p>\n<p><span style=\"font-size: 14.4px;\">\ud83d\udc95 Un grand classique qui plaira \u00e0 coup s\u00fbr aux tout-petits.\u00a0<\/span><\/p>\n<p>LE PRIX ABONN\u00c9 C&rsquo;EST QUOI?<br \/>\nVous avez un coup de coeur pour un jouet propos\u00e9 \u00e0 la location?<br \/>\nNous vous proposons de garder chaque jouet lou\u00e9 \u00e0 un prix pr\u00e9f\u00e9rentiel, clairement indiqu\u00e9 sur chaque fiche.<\/p>\n","protected":false},"excerpt":{"rendered":"<p>Balan\u00e7oire des animaux Lego Duplo<\/p>\n<p>\u2764 Pour les petits d\u00e8s 18 mois<br \/>\n\u2764 Animaux de la jungle tr\u00e8s color\u00e9s \ud83d\udc2f<br \/>\n\u2764 Id\u00e9al pour d\u00e9couvrir l&rsquo;univers des Lego<\/p>\n","protected":false},"featured_media":4820,"template":"","meta":[],"product_cat":[15],"product_tag":[],"_links":{"self":[{"href":"https:\/\/www.lesjouetsvoyageurs.com\/location\/wp-json\/wp\/v2\/product\/4818"}],"collection":[{"href":"https:\/\/www.lesjouetsvoyageurs.com\/location\/wp-json\/wp\/v2\/product"}],"about":[{"href":"https:\/\/www.lesjouetsvoyageurs.com\/location\/wp-json\/wp\/v2\/types\/product"}],"wp:featuredmedia":[{"embeddable":true,"href":"https:\/\/www.lesjouetsvoyageurs.com\/location\/wp-json\/wp\/v2\/media\/4820"}],"wp:attachment":[{"href":"https:\/\/www.lesjouetsvoyageurs.com\/location\/wp-json\/wp\/v2\/media?parent=4818"}],"wp:term":[{"taxonomy":"product_cat","embeddable":true,"href":"https:\/\/www.lesjouetsvoyageurs.com\/location\/wp-json\/wp\/v2\/product_cat?post=4818"},{"taxonomy":"product_tag","embeddable":true,"href":"https:\/\/www.lesjouetsvoyageurs.com\/location\/wp-json\/wp\/v2\/product_tag?post=4818"}],"curies":[{"name":"wp","href":"https:\/\/api.w.org\/{rel}","templated":true}]}}