{"id":4829,"date":"2021-02-11T15:52:33","date_gmt":"2021-02-11T13:52:33","guid":{"rendered":"https:\/\/www.lesjouetsvoyageurs.com\/?post_type=product&#038;p=4829"},"modified":"2022-09-19T22:37:35","modified_gmt":"2022-09-19T20:37:35","slug":"cascade-sensorielle-tickit","status":"publish","type":"product","link":"https:\/\/www.lesjouetsvoyageurs.com\/location\/jouets\/cascade-sensorielle-tickit\/","title":{"rendered":"Cascade sensorielle Tickit (couleur au choix)"},"content":{"rendered":"<p><span id=\"result_box\" lang=\"fr\">Chaque sablier contient un liquide color\u00e9 qui s&rsquo;\u00e9coule en cascade de gouttelettes vers le bas. L&rsquo;observation de cette cascade sensorielle fascine les petits comme les grands.\u00a0<\/span><\/p>\n<p><span id=\"result_box\" lang=\"fr\">La cascade sensorielle favorise la concentration et l&rsquo;\u00e9veil des sens de l&rsquo;enfant. C&rsquo;est un outil tr\u00e8s utile pour les p\u00e9riodes de retour au calme. La cascade peut \u00eatre utilis\u00e9e seule ou avec la <a href=\"https:\/\/www.lesjouetsvoyageurs.com\/location\/jouets\/table-lumineuse-bac-exploration-sensorielle\/\">table lumineuse Tickit<\/a> \u00e9galement disponible \u00e0 la location pour un effet visuel encore plus int\u00e9ressant.<\/span><\/p>\n<p><span style=\"font-size: 14.4px;\">\ud83d\udc95\u00a0 Une ressource id\u00e9ale pour favoriser la concentration et le calme.\u00a0<\/span><\/p>\n<p><span id=\"result_box\" lang=\"fr\">Les sabliers mesurent 14,5 cm de hauteur et sont disponibles dans 6 coloris diff\u00e9rents. Ce jouet peut \u00eatre propos\u00e9 aux enfants \u00e0 partir de 3 ans, sous la supervision d&rsquo;un adulte. Il est important de r\u00e9guli\u00e8rement v\u00e9rifier le bon \u00e9tat de la cascade sensorielle et de nous renvoyer tout \u00e9l\u00e9ment endommag\u00e9. La cascade sensorielle ne pr\u00e9sente pas de danger dans des conditions normales d&rsquo;utilisation mais en cas de bris accidentel, \u00e9pongez le liquide, nettoyez la surface \u00e0 l&rsquo;eau chaude et au savon puis laissez s\u00e9cher. En cas de contact avec la peau ou les yeux, rincez abondamment \u00e0 l&rsquo;eau claire et consultez un m\u00e9decin si n\u00e9cessaire. En cas d&rsquo;ingestion, ne faites pas vomir l&rsquo;enfant et consultez un m\u00e9decin.<\/span><\/p>\n<p><span id=\"result_box\" lang=\"fr\">Pour l&rsquo;entretien, nettoyez la cascade sensorielle \u00e0 l&rsquo;eau chaude et au savon, rincez et laissez s\u00e9cher \u00e0 l&rsquo;air libre. La cascade sensorielle Tickit ne peut pas \u00eatre plac\u00e9e au lave-vaisselle et il est recommand\u00e9 d&rsquo;\u00e9viter une exposition prolong\u00e9e aux rayons UV qui risquent de rendre les couleurs plus fades. Chaque cascade Tickit est remplie d&rsquo;un m\u00e9lange d&rsquo;huile min\u00e9rale, de glyc\u00e9rol et d&rsquo;eau color\u00e9e.<\/span><\/p>\n<p>LE PRIX ABONN\u00c9 C&rsquo;EST QUOI?<br \/>\nVous avez un coup de coeur pour un jouet propos\u00e9 \u00e0 la location?<br \/>\nNous vous proposons de garder chaque jouet lou\u00e9 \u00e0 un prix pr\u00e9f\u00e9rentiel, clairement indiqu\u00e9 sur chaque fiche.<\/p>\n","protected":false},"excerpt":{"rendered":"<p>Cascade sensorielle Tickit<\/p>\n<p>\u2764 Existe en plusieurs coloris<br \/>\n\u2764 Favorise le retour au calme et la concentration<br \/>\n\u2764 Captive les parents comme les enfants!<\/p>\n","protected":false},"featured_media":4837,"template":"","meta":[],"product_cat":[15],"product_tag":[],"_links":{"self":[{"href":"https:\/\/www.lesjouetsvoyageurs.com\/location\/wp-json\/wp\/v2\/product\/4829"}],"collection":[{"href":"https:\/\/www.lesjouetsvoyageurs.com\/location\/wp-json\/wp\/v2\/product"}],"about":[{"href":"https:\/\/www.lesjouetsvoyageurs.com\/location\/wp-json\/wp\/v2\/types\/product"}],"wp:featuredmedia":[{"embeddable":true,"href":"https:\/\/www.lesjouetsvoyageurs.com\/location\/wp-json\/wp\/v2\/media\/4837"}],"wp:attachment":[{"href":"https:\/\/www.lesjouetsvoyageurs.com\/location\/wp-json\/wp\/v2\/media?parent=4829"}],"wp:term":[{"taxonomy":"product_cat","embeddable":true,"href":"https:\/\/www.lesjouetsvoyageurs.com\/location\/wp-json\/wp\/v2\/product_cat?post=4829"},{"taxonomy":"product_tag","embeddable":true,"href":"https:\/\/www.lesjouetsvoyageurs.com\/location\/wp-json\/wp\/v2\/product_tag?post=4829"}],"curies":[{"name":"wp","href":"https:\/\/api.w.org\/{rel}","templated":true}]}}