{"id":4839,"date":"2021-02-11T16:29:10","date_gmt":"2021-02-11T14:29:10","guid":{"rendered":"https:\/\/www.lesjouetsvoyageurs.com\/?post_type=product&#038;p=4839"},"modified":"2023-12-02T22:02:06","modified_gmt":"2023-12-02T20:02:06","slug":"sablier-inverse-tickit","status":"publish","type":"product","link":"https:\/\/www.lesjouetsvoyageurs.com\/location\/jouets\/sablier-inverse-tickit\/","title":{"rendered":"Sablier invers\u00e9 Tickit (couleur au choix)"},"content":{"rendered":"<p><span id=\"result_box\" lang=\"fr\">Chaque sablier invers\u00e9 Tickit contient un liquide color\u00e9 qui s&rsquo;\u00e9coule en bulles vers le haut. L&rsquo;observation de ce sablier invers\u00e9 fascinera les petits comme les grands.\u00a0<\/span><\/p>\n<p><span id=\"result_box\" lang=\"fr\">C&rsquo;est un outil tr\u00e8s utile pour les p\u00e9riodes de retour au calme qui peut \u00eatre utilis\u00e9e seul ou avec la <a href=\"https:\/\/www.lesjouetsvoyageurs.com\/location\/jouets\/table-lumineuse-bac-exploration-sensorielle\/\">table lumineuse Tickit<\/a> \u00e9galement propos\u00e9e \u00e0 la location.<\/span><\/p>\n<p><span style=\"font-size: 14.4px;\">\ud83d\udc95\u00a0 Une ressource id\u00e9ale pour favoriser la concentration et le calme.\u00a0<\/span><\/p>\n<p><span id=\"result_box\" lang=\"fr\">Les sabliers mesurent cm de hauteur et sont disponibles dans 4 coloris diff\u00e9rents. <\/span><\/p>\n<p><span id=\"result_box\" lang=\"fr\">Ce jouet peut \u00eatre propos\u00e9 aux enfants \u00e0 partir de 3 ans, sous la supervision d&rsquo;un adulte. Il est important de r\u00e9guli\u00e8rement v\u00e9rifier le bon \u00e9tat du sablier et de nous renvoyer tout \u00e9l\u00e9ment endommag\u00e9. Le sablier ne pr\u00e9sente pas de danger dans des conditions normales d&rsquo;utilisation mais en cas de bris accidentel, \u00e9pongez le liquide, nettoyez la surface \u00e0 l&rsquo;eau chaude et au savon puis laissez s\u00e9cher. En cas de contact avec la peau ou les yeux, rincez abondamment \u00e0 l&rsquo;eau claire et consultez un m\u00e9decin si n\u00e9cessaire. En cas d&rsquo;ingestion, ne faites pas vomir l&rsquo;enfant et consultez un m\u00e9decin.<\/span><\/p>\n<p><span id=\"result_box\" lang=\"fr\">Pour l&rsquo;entretien, nettoyez le sablier \u00e0 l&rsquo;eau chaude et au savon, rincez et laissez s\u00e9cher \u00e0 l&rsquo;air libre. N&rsquo;utilisez pas le lave-vaisselle et tenez le sablier \u00e0 l&rsquo;abri de la lumi\u00e8re directe du soleil pour conserver l&rsquo;\u00e9clat des couleurs. Chaque cascade Tickit est remplie d&rsquo;un m\u00e9lange d&rsquo;huile min\u00e9rale, de glyc\u00e9rol et d&rsquo;eau color\u00e9e.<\/span><\/p>\n<p>LE PRIX ABONN\u00c9 C&rsquo;EST QUOI?<br \/>\nVous avez un coup de coeur pour un jouet propos\u00e9 \u00e0 la location?<br \/>\nNous vous proposons de garder chaque jouet lou\u00e9 \u00e0 un prix pr\u00e9f\u00e9rentiel, clairement indiqu\u00e9 sur chaque fiche.<\/p>\n","protected":false},"excerpt":{"rendered":"<p>Sablier invers\u00e9 Tickit<\/p>\n<p>\u2764 Existe en plusieurs coloris<br \/>\n\u2764 Favorise le retour au calme et la concentration<br \/>\n\u2764 Les bulles color\u00e9es remontent \u00e0 la surface<\/p>\n","protected":false},"featured_media":4847,"template":"","meta":[],"product_cat":[15],"product_tag":[],"_links":{"self":[{"href":"https:\/\/www.lesjouetsvoyageurs.com\/location\/wp-json\/wp\/v2\/product\/4839"}],"collection":[{"href":"https:\/\/www.lesjouetsvoyageurs.com\/location\/wp-json\/wp\/v2\/product"}],"about":[{"href":"https:\/\/www.lesjouetsvoyageurs.com\/location\/wp-json\/wp\/v2\/types\/product"}],"wp:featuredmedia":[{"embeddable":true,"href":"https:\/\/www.lesjouetsvoyageurs.com\/location\/wp-json\/wp\/v2\/media\/4847"}],"wp:attachment":[{"href":"https:\/\/www.lesjouetsvoyageurs.com\/location\/wp-json\/wp\/v2\/media?parent=4839"}],"wp:term":[{"taxonomy":"product_cat","embeddable":true,"href":"https:\/\/www.lesjouetsvoyageurs.com\/location\/wp-json\/wp\/v2\/product_cat?post=4839"},{"taxonomy":"product_tag","embeddable":true,"href":"https:\/\/www.lesjouetsvoyageurs.com\/location\/wp-json\/wp\/v2\/product_tag?post=4839"}],"curies":[{"name":"wp","href":"https:\/\/api.w.org\/{rel}","templated":true}]}}