{"id":4863,"date":"2021-02-12T21:40:30","date_gmt":"2021-02-12T19:40:30","guid":{"rendered":"https:\/\/www.lesjouetsvoyageurs.com\/?post_type=product&#038;p=4863"},"modified":"2022-09-18T16:59:22","modified_gmt":"2022-09-18T14:59:22","slug":"7-balles-texturees-tickit","status":"publish","type":"product","link":"https:\/\/www.lesjouetsvoyageurs.com\/location\/jouets\/7-balles-texturees-tickit\/","title":{"rendered":"7 Balles textur\u00e9es Tickit &#8211; Ast\u00e9ro\u00efdes"},"content":{"rendered":"<p>Cet ensemble comprend 7 balles textur\u00e9es Tickit. 6 petites balles de diff\u00e9rentes couleurs et textures s&rsquo;imbriquent dans une grande balle de 18,5 cm de diam\u00e8tre.<\/p>\n<p>Ces balles conviennent aux enfants d\u00e8s 6 mois.<\/p>\n<p>LE PRIX ABONN\u00c9 C&rsquo;EST QUOI?<br \/>\nVous avez un coup de coeur pour un jouet propos\u00e9 \u00e0 la location?<br \/>\nNous vous proposons de garder chaque jouet lou\u00e9 \u00e0 un prix pr\u00e9f\u00e9rentiel, clairement indiqu\u00e9 sur chaque fiche.<\/p>\n","protected":false},"excerpt":{"rendered":"<p>7 Balles textur\u00e9es<\/p>\n<p>\u2764 Les petites s&rsquo;imbriquent dans la grande<br \/>\n\u2764 Diff\u00e9rentes couleurs et textures<br \/>\n\u2764 Balles souples adapt\u00e9es pour les petits<\/p>\n","protected":false},"featured_media":4865,"template":"","meta":[],"product_cat":[15],"product_tag":[],"_links":{"self":[{"href":"https:\/\/www.lesjouetsvoyageurs.com\/location\/wp-json\/wp\/v2\/product\/4863"}],"collection":[{"href":"https:\/\/www.lesjouetsvoyageurs.com\/location\/wp-json\/wp\/v2\/product"}],"about":[{"href":"https:\/\/www.lesjouetsvoyageurs.com\/location\/wp-json\/wp\/v2\/types\/product"}],"wp:featuredmedia":[{"embeddable":true,"href":"https:\/\/www.lesjouetsvoyageurs.com\/location\/wp-json\/wp\/v2\/media\/4865"}],"wp:attachment":[{"href":"https:\/\/www.lesjouetsvoyageurs.com\/location\/wp-json\/wp\/v2\/media?parent=4863"}],"wp:term":[{"taxonomy":"product_cat","embeddable":true,"href":"https:\/\/www.lesjouetsvoyageurs.com\/location\/wp-json\/wp\/v2\/product_cat?post=4863"},{"taxonomy":"product_tag","embeddable":true,"href":"https:\/\/www.lesjouetsvoyageurs.com\/location\/wp-json\/wp\/v2\/product_tag?post=4863"}],"curies":[{"name":"wp","href":"https:\/\/api.w.org\/{rel}","templated":true}]}}