{"id":4866,"date":"2021-02-12T22:07:11","date_gmt":"2021-02-12T20:07:11","guid":{"rendered":"https:\/\/www.lesjouetsvoyageurs.com\/?post_type=product&#038;p=4866"},"modified":"2022-09-18T16:59:13","modified_gmt":"2022-09-18T14:59:13","slug":"tube-a-paillettes","status":"publish","type":"product","link":"https:\/\/www.lesjouetsvoyageurs.com\/location\/jouets\/tube-a-paillettes\/","title":{"rendered":"Tube \u00e0 paillettes Tickit (couleur au choix)"},"content":{"rendered":"<p>Chaque tube \u00e0 paillettes mesure 15 centim\u00e8tres de haut et 5 centim\u00e8tres de diam\u00e8tre. Lorsqu&rsquo;il est secou\u00e9, les paillettes se mettent en mouvement. Certaines s&rsquo;\u00e9l\u00e8vent vers le haut du tube, d&rsquo;autres tombent au fond. L&rsquo;observation de ces paillettes est fascinante pour les petits!<\/p>\n<p>L&rsquo;effet est encore plus saisissant lorsque le tube \u00e0 paillettes est pos\u00e9 sur une <a href=\"https:\/\/www.lesjouetsvoyageurs.com\/location\/jouets\/table-lumineuse-bac-exploration-sensorielle\/\">table lumineuse Tickit<\/a> !<\/p>\n<p>Le tube \u00e0 paillettes Tickit existe dans les coloris or, argent et bleu.<\/p>\n<p>Ce jouet peut \u00eatre propos\u00e9 aux enfants \u00e0 partir de 3 ans et sous la surveillance d\u2019un adulte. V\u00e9rifiez r\u00e9guli\u00e8rement le bon \u00e9tat du tube et renvoyez-nous tout \u00e9l\u00e9ment endommag\u00e9. En cas de bris accidentel, \u00e9pongez le liquide, nettoyez la surface \u00e0 l\u2019eau chaude et au savon puis laissez s\u00e9cher. En cas de contact avec la peau ou les yeux, rincez abondamment \u00e0 l\u2019eau claire et consultez un m\u00e9decin si n\u00e9cessaire. En cas d\u2019ingestion, ne faites pas vomir l\u2019enfant et consultez un m\u00e9decin.<\/p>\n<p>LE PRIX ABONN\u00c9 C&rsquo;EST QUOI?<br \/>\nVous avez un coup de coeur pour un jouet propos\u00e9 \u00e0 la location?<br \/>\nNous vous proposons de garder chaque jouet lou\u00e9 \u00e0 un prix pr\u00e9f\u00e9rentiel, clairement indiqu\u00e9 sur chaque fiche.<\/p>\n","protected":false},"excerpt":{"rendered":"<p>Tube \u00e0 paillettes Tickit<\/p>\n<p>\u2764 Favorise le retour au calme et la concentration<br \/>\n\u2764 Existe dans 3 coloris au choix<br \/>\n\u2764 Id\u00e9al en compl\u00e9ment de la table lumineuse<\/p>\n","protected":false},"featured_media":4871,"template":"","meta":[],"product_cat":[15],"product_tag":[],"_links":{"self":[{"href":"https:\/\/www.lesjouetsvoyageurs.com\/location\/wp-json\/wp\/v2\/product\/4866"}],"collection":[{"href":"https:\/\/www.lesjouetsvoyageurs.com\/location\/wp-json\/wp\/v2\/product"}],"about":[{"href":"https:\/\/www.lesjouetsvoyageurs.com\/location\/wp-json\/wp\/v2\/types\/product"}],"wp:featuredmedia":[{"embeddable":true,"href":"https:\/\/www.lesjouetsvoyageurs.com\/location\/wp-json\/wp\/v2\/media\/4871"}],"wp:attachment":[{"href":"https:\/\/www.lesjouetsvoyageurs.com\/location\/wp-json\/wp\/v2\/media?parent=4866"}],"wp:term":[{"taxonomy":"product_cat","embeddable":true,"href":"https:\/\/www.lesjouetsvoyageurs.com\/location\/wp-json\/wp\/v2\/product_cat?post=4866"},{"taxonomy":"product_tag","embeddable":true,"href":"https:\/\/www.lesjouetsvoyageurs.com\/location\/wp-json\/wp\/v2\/product_tag?post=4866"}],"curies":[{"name":"wp","href":"https:\/\/api.w.org\/{rel}","templated":true}]}}