{"id":4878,"date":"2021-02-16T11:33:30","date_gmt":"2021-02-16T09:33:30","guid":{"rendered":"https:\/\/www.lesjouetsvoyageurs.com\/?post_type=product&#038;p=4878"},"modified":"2022-09-18T16:58:50","modified_gmt":"2022-09-18T14:58:50","slug":"set-de-menage-enfant-plantoys","status":"publish","type":"product","link":"https:\/\/www.lesjouetsvoyageurs.com\/location\/jouets\/set-de-menage-enfant-plantoys\/","title":{"rendered":"Set de m\u00e9nage enfant Plan Toys"},"content":{"rendered":"<p>Avec ce set de m\u00e9nage enfant, les petits pourront aider papa et maman \u00e0 faire le m\u00e9nage. Quel plaisir d&rsquo;imiter les plus grands!<\/p>\n<p>Cet ensemble en bois d&rsquo;h\u00e9v\u00e9a durable est parfait pour les enfants d\u00e8s 2 ans. Il contient un seau, un vaporisateur, une raclette, une balayette et un ramasse-poussi\u00e8re.<\/p>\n<p>Envie d&rsquo;en savoir plus sur les engagements de la marque?<br \/>\n\ud83d\udc49 <a href=\"https:\/\/www.plantoys.com\/child-development\" target=\"_blank\" rel=\"noopener\">Consultez la pr\u00e9sentation de PlanToys.<\/a><\/p>\n<p><span style=\"font-size: 14.4px;\">\ud83d\udc95 Pour faire comme les grands !<\/span><\/p>\n<p>Set de m\u00e9nage Plantoys les enfants \u00e0 partir de 2 ans.<\/p>\n<p>LE PRIX ABONN\u00c9 C&rsquo;EST QUOI?<br \/>\nVous avez un coup de coeur pour un jouet propos\u00e9 \u00e0 la location?<br \/>\nNous vous proposons de garder chaque jouet lou\u00e9 \u00e0 un prix pr\u00e9f\u00e9rentiel, clairement indiqu\u00e9 sur chaque fiche.<\/p>\n","protected":false},"excerpt":{"rendered":"<p>Set de m\u00e9nage enfant<\/p>\n<p>\u2764 A proposer \u00e0 partir de 2 ans<br \/>\n\u2764 Tr\u00e8s complet et r\u00e9aliste pour imiter les grands<br \/>\n\u2764 <span style=\"font-size: 14.4px;\">Bois d&rsquo;h\u00e9v\u00e9a durable<\/span><\/p>\n","protected":false},"featured_media":4879,"template":"","meta":[],"product_cat":[15],"product_tag":[],"_links":{"self":[{"href":"https:\/\/www.lesjouetsvoyageurs.com\/location\/wp-json\/wp\/v2\/product\/4878"}],"collection":[{"href":"https:\/\/www.lesjouetsvoyageurs.com\/location\/wp-json\/wp\/v2\/product"}],"about":[{"href":"https:\/\/www.lesjouetsvoyageurs.com\/location\/wp-json\/wp\/v2\/types\/product"}],"wp:featuredmedia":[{"embeddable":true,"href":"https:\/\/www.lesjouetsvoyageurs.com\/location\/wp-json\/wp\/v2\/media\/4879"}],"wp:attachment":[{"href":"https:\/\/www.lesjouetsvoyageurs.com\/location\/wp-json\/wp\/v2\/media?parent=4878"}],"wp:term":[{"taxonomy":"product_cat","embeddable":true,"href":"https:\/\/www.lesjouetsvoyageurs.com\/location\/wp-json\/wp\/v2\/product_cat?post=4878"},{"taxonomy":"product_tag","embeddable":true,"href":"https:\/\/www.lesjouetsvoyageurs.com\/location\/wp-json\/wp\/v2\/product_tag?post=4878"}],"curies":[{"name":"wp","href":"https:\/\/api.w.org\/{rel}","templated":true}]}}