{"id":4884,"date":"2021-02-16T12:34:30","date_gmt":"2021-02-16T10:34:30","guid":{"rendered":"https:\/\/www.lesjouetsvoyageurs.com\/?post_type=product&#038;p=4884"},"modified":"2022-09-18T16:58:36","modified_gmt":"2022-09-18T14:58:36","slug":"materiel-de-rasage-enfant-plan-toys","status":"publish","type":"product","link":"https:\/\/www.lesjouetsvoyageurs.com\/location\/jouets\/materiel-de-rasage-enfant-plan-toys\/","title":{"rendered":"Sacoche et mat\u00e9riel de rasage enfant Plan Toys"},"content":{"rendered":"<p>Cette sacoche comprend tout le mat\u00e9riel de rasage enfant pour imiter papa. Ce set de rasage enfant comprend un blaireau et une coupelle, un rasoir classique et un rasoir de barbier, un miroir, un peigne et un flacon d&rsquo;apre\u0300s-rasage dont on peut enlever le capuchon.<\/p>\n<p>Un ensemble de rasage enfant tr\u00e8s r\u00e9aliste avec la lame r\u00e9tractable, le rasoir ajustable et le capuchon qui s&rsquo;enl\u00e8ve sur le flacon d&rsquo;apr\u00e8s-rasage!<\/p>\n<p>Envie d&rsquo;en savoir plus sur les engagements de la marque?<br \/>\n\ud83d\udc49 <a href=\"https:\/\/www.plantoys.com\/child-development\" target=\"_blank\" rel=\"noopener\">Consultez la pr\u00e9sentation de PlanToys.<\/a><\/p>\n<p><span style=\"font-size: 14.4px;\">\ud83d\udc95 Un jouet durable en bois d&rsquo;hevea<\/span><\/p>\n<p>Un kit d&rsquo;imitation pour les enfants \u00e0 partir de 3 ans.<\/p>\n<p>LE PRIX ABONN\u00c9 C&rsquo;EST QUOI?<br \/>\nVous avez un coup de coeur pour un jouet propos\u00e9 \u00e0 la location?<br \/>\nNous vous proposons de garder chaque jouet lou\u00e9 \u00e0 un prix pr\u00e9f\u00e9rentiel, clairement indiqu\u00e9 sur chaque fiche.<\/p>\n","protected":false},"excerpt":{"rendered":"<p>Tout le mat\u00e9riel pour imiter papa !<\/p>\n<p>\u2764 D\u00e9veloppe l&rsquo;imagination<br \/>\n\u2764 Peintures \u00e0 base d&rsquo;eau<br \/>\n\u2764 <span style=\"font-size: 14.4px;\">Bois d&rsquo;h\u00e9v\u00e9a durable<\/span><\/p>\n","protected":false},"featured_media":4888,"template":"","meta":[],"product_cat":[15],"product_tag":[],"_links":{"self":[{"href":"https:\/\/www.lesjouetsvoyageurs.com\/location\/wp-json\/wp\/v2\/product\/4884"}],"collection":[{"href":"https:\/\/www.lesjouetsvoyageurs.com\/location\/wp-json\/wp\/v2\/product"}],"about":[{"href":"https:\/\/www.lesjouetsvoyageurs.com\/location\/wp-json\/wp\/v2\/types\/product"}],"wp:featuredmedia":[{"embeddable":true,"href":"https:\/\/www.lesjouetsvoyageurs.com\/location\/wp-json\/wp\/v2\/media\/4888"}],"wp:attachment":[{"href":"https:\/\/www.lesjouetsvoyageurs.com\/location\/wp-json\/wp\/v2\/media?parent=4884"}],"wp:term":[{"taxonomy":"product_cat","embeddable":true,"href":"https:\/\/www.lesjouetsvoyageurs.com\/location\/wp-json\/wp\/v2\/product_cat?post=4884"},{"taxonomy":"product_tag","embeddable":true,"href":"https:\/\/www.lesjouetsvoyageurs.com\/location\/wp-json\/wp\/v2\/product_tag?post=4884"}],"curies":[{"name":"wp","href":"https:\/\/api.w.org\/{rel}","templated":true}]}}