{"id":4889,"date":"2021-02-16T12:51:08","date_gmt":"2021-02-16T10:51:08","guid":{"rendered":"https:\/\/www.lesjouetsvoyageurs.com\/?post_type=product&#038;p=4889"},"modified":"2022-09-18T16:58:22","modified_gmt":"2022-09-18T14:58:22","slug":"premier-robot-de-cuisine-plantoys","status":"publish","type":"product","link":"https:\/\/www.lesjouetsvoyageurs.com\/location\/jouets\/premier-robot-de-cuisine-plantoys\/","title":{"rendered":"Mon premier robot de cuisine Plan Toys"},"content":{"rendered":"<p>Votre enfant va devenir un excellent patissier avec son premier robot de cuisine Plantoys !<\/p>\n<p>Le premier robot de cuisine Plantoys comprend 6 \u00e9l\u00e9ments. Un robot batteur et un r\u00e9cipient pour les ingr\u00e9dients : oeuf, beurre et farine dans son sachet en tissu. L&rsquo;oeuf est compos\u00e9 de deux parties assembl\u00e9es avec du velcro et peut donc \u00eatre cass\u00e9 en deux.<\/p>\n<p>Le batteur est amovible, ce qui facilite la manipulation par l&rsquo;enfant.<\/p>\n<p>Envie d&rsquo;en savoir plus sur les engagements de la marque?<br \/>\n\ud83d\udc49 <a href=\"https:\/\/www.plantoys.com\/child-development\" target=\"_blank\" rel=\"noopener\">Consultez la pr\u00e9sentation de PlanToys.<\/a><\/p>\n<p><span style=\"font-size: 14.4px;\">\ud83d\udc95 Un jeu d&rsquo;imitation r\u00e9aliste qui d\u00e9veloppe la dext\u00e9rit\u00e9 et l&rsquo;imagination des enfants.<\/span><\/p>\n<p>Un kit d&rsquo;imitation pour les enfants \u00e0 partir de 2 ans.<\/p>\n<p>LE PRIX ABONN\u00c9 C&rsquo;EST QUOI?<br \/>\nVous avez un coup de coeur pour un jouet propos\u00e9 \u00e0 la location?<br \/>\nNous vous proposons de garder chaque jouet lou\u00e9 \u00e0 un prix pr\u00e9f\u00e9rentiel, clairement indiqu\u00e9 sur chaque fiche.<\/p>\n","protected":false},"excerpt":{"rendered":"<p>Mon premier robot de cuisine<\/p>\n<p>\u2764 D\u00e9veloppe l&rsquo;imagination<br \/>\n\u2764 Peintures \u00e0 base d&rsquo;eau<br \/>\n\u2764 <span style=\"font-size: 14.4px;\">Bois d&rsquo;h\u00e9v\u00e9a durable<\/span><\/p>\n","protected":false},"featured_media":4892,"template":"","meta":[],"product_cat":[15],"product_tag":[],"_links":{"self":[{"href":"https:\/\/www.lesjouetsvoyageurs.com\/location\/wp-json\/wp\/v2\/product\/4889"}],"collection":[{"href":"https:\/\/www.lesjouetsvoyageurs.com\/location\/wp-json\/wp\/v2\/product"}],"about":[{"href":"https:\/\/www.lesjouetsvoyageurs.com\/location\/wp-json\/wp\/v2\/types\/product"}],"wp:featuredmedia":[{"embeddable":true,"href":"https:\/\/www.lesjouetsvoyageurs.com\/location\/wp-json\/wp\/v2\/media\/4892"}],"wp:attachment":[{"href":"https:\/\/www.lesjouetsvoyageurs.com\/location\/wp-json\/wp\/v2\/media?parent=4889"}],"wp:term":[{"taxonomy":"product_cat","embeddable":true,"href":"https:\/\/www.lesjouetsvoyageurs.com\/location\/wp-json\/wp\/v2\/product_cat?post=4889"},{"taxonomy":"product_tag","embeddable":true,"href":"https:\/\/www.lesjouetsvoyageurs.com\/location\/wp-json\/wp\/v2\/product_tag?post=4889"}],"curies":[{"name":"wp","href":"https:\/\/api.w.org\/{rel}","templated":true}]}}