{"id":4893,"date":"2021-02-16T14:15:20","date_gmt":"2021-02-16T12:15:20","guid":{"rendered":"https:\/\/www.lesjouetsvoyageurs.com\/?post_type=product&#038;p=4893"},"modified":"2022-09-18T16:56:37","modified_gmt":"2022-09-18T14:56:37","slug":"trousse-de-soin-pour-animal-de-compagnie","status":"publish","type":"product","link":"https:\/\/www.lesjouetsvoyageurs.com\/location\/jouets\/trousse-de-soin-pour-animal-de-compagnie\/","title":{"rendered":"Trousse de soin pour animal de compagnie"},"content":{"rendered":"<p>D\u00e8s 3 ans, votre enfant peut apprendre \u00e0 prendre soin d&rsquo;un animal de compagnie. Cet ensemble comprend de la nourriture fictive, un bol, une brosse, une balle de jeu, un collier, un carnet de sant\u00e9 et un sac de transport. Votre enfant pourra jouer avec sa peluche pr\u00e9f\u00e9r\u00e9e!<\/p>\n<p>Envie d&rsquo;en savoir plus sur les engagements de la marque?<br \/>\n\ud83d\udc49 <a href=\"https:\/\/www.plantoys.com\/child-development\" target=\"_blank\" rel=\"noopener\">Consultez la pr\u00e9sentation de PlanToys.<\/a><\/p>\n<p><span style=\"font-size: 14.4px;\">\ud83d\udc95 D\u00e9veloppe la responsabilisation d\u00e8s 3 ans.<\/span><\/p>\n<p>LE PRIX ABONN\u00c9 C&rsquo;EST QUOI?<br \/>\nVous avez un coup de coeur pour un jouet propos\u00e9 \u00e0 la location?<br \/>\nNous vous proposons de garder chaque jouet lou\u00e9 \u00e0 un prix pr\u00e9f\u00e9rentiel, clairement indiqu\u00e9 sur chaque fiche.<\/p>\n","protected":false},"excerpt":{"rendered":"<p>Trousse de soin pour animal de compagnie<\/p>\n<p>\u2764 D\u00e9veloppe l&rsquo;imagination<br \/>\n\u2764 Peintures \u00e0 base d&rsquo;eau<br \/>\n\u2764 <span style=\"font-size: 14.4px;\">Bois d&rsquo;h\u00e9v\u00e9a durable<\/span><\/p>\n","protected":false},"featured_media":4897,"template":"","meta":[],"product_cat":[15],"product_tag":[],"_links":{"self":[{"href":"https:\/\/www.lesjouetsvoyageurs.com\/location\/wp-json\/wp\/v2\/product\/4893"}],"collection":[{"href":"https:\/\/www.lesjouetsvoyageurs.com\/location\/wp-json\/wp\/v2\/product"}],"about":[{"href":"https:\/\/www.lesjouetsvoyageurs.com\/location\/wp-json\/wp\/v2\/types\/product"}],"wp:featuredmedia":[{"embeddable":true,"href":"https:\/\/www.lesjouetsvoyageurs.com\/location\/wp-json\/wp\/v2\/media\/4897"}],"wp:attachment":[{"href":"https:\/\/www.lesjouetsvoyageurs.com\/location\/wp-json\/wp\/v2\/media?parent=4893"}],"wp:term":[{"taxonomy":"product_cat","embeddable":true,"href":"https:\/\/www.lesjouetsvoyageurs.com\/location\/wp-json\/wp\/v2\/product_cat?post=4893"},{"taxonomy":"product_tag","embeddable":true,"href":"https:\/\/www.lesjouetsvoyageurs.com\/location\/wp-json\/wp\/v2\/product_tag?post=4893"}],"curies":[{"name":"wp","href":"https:\/\/api.w.org\/{rel}","templated":true}]}}