{"id":4898,"date":"2021-02-16T14:42:00","date_gmt":"2021-02-16T12:42:00","guid":{"rendered":"https:\/\/www.lesjouetsvoyageurs.com\/?post_type=product&#038;p=4898"},"modified":"2022-10-02T20:17:08","modified_gmt":"2022-10-02T18:17:08","slug":"mon-atelier-a-pain-plantoys","status":"publish","type":"product","link":"https:\/\/www.lesjouetsvoyageurs.com\/location\/jouets\/mon-atelier-a-pain-plantoys\/","title":{"rendered":"Mon atelier \u00e0 pain Plan Toys"},"content":{"rendered":"<p>Votre enfant va devenir un excellent apprenti boulanger avec l&rsquo;atelier \u00e0 pain Plantoys.<\/p>\n<p>Il sort la farine de son sachet pour la d\u00e9poser sur le tapis de boulanger. Il utilise le rouleau et le coupe pate pour fa\u00e7onner sa boule de pain. Il la place dans le plat \u00e0 four. Le pain est pr\u00eat? Votre enfant peut utiliser le gant de cuisson pour sortir le plat et d\u00e9mouler le pain. Il ne lui reste plus qu&rsquo;\u00e0 couper de belles tranches avec le couteau \u00e0 pain en bois d&rsquo;h\u00e9v\u00e9a !<\/p>\n<p>L&rsquo;atelier \u00e0 pain Plantoys peut s&rsquo;utiliser en compl\u00e9ment du <a href=\"https:\/\/www.lesjouetsvoyageurs.com\/location\/jouets\/premier-robot-de-cuisine-plantoys\/\">premier robot de cuisine Plantoys<\/a>.<\/p>\n<p>Envie d&rsquo;en savoir plus sur les engagements de la marque?<br \/>\n\ud83d\udc49 <a href=\"https:\/\/www.plantoys.com\/child-development\" target=\"_blank\" rel=\"noopener\">Consultez la pr\u00e9sentation de PlanToys.<\/a><\/p>\n<p><span style=\"font-size: 14.4px;\">\ud83d\udc95 Un jeu d&rsquo;imitation pour faire du pain maison comme papa et maman.<\/span><\/p>\n<p>Un jouet d&rsquo;imitation pour les enfants \u00e0 partir de 2 ans.<\/p>\n<p>LE PRIX ABONN\u00c9 C&rsquo;EST QUOI?<br \/>\nVous avez un coup de coeur pour un jouet propos\u00e9 \u00e0 la location?<br \/>\nNous vous proposons de garder chaque jouet lou\u00e9 \u00e0 un prix pr\u00e9f\u00e9rentiel, clairement indiqu\u00e9 sur chaque fiche.<\/p>\n","protected":false},"excerpt":{"rendered":"<p>Atelier \u00e0 pain pour enfants<\/p>\n<p>\u2764 D\u00e9veloppe l&rsquo;imagination<br \/>\n\u2764 Peintures \u00e0 base d&rsquo;eau<br \/>\n\u2764 <span style=\"font-size: 14.4px;\">Bois d&rsquo;h\u00e9v\u00e9a durable<\/span><\/p>\n","protected":false},"featured_media":4901,"template":"","meta":[],"product_cat":[15],"product_tag":[],"_links":{"self":[{"href":"https:\/\/www.lesjouetsvoyageurs.com\/location\/wp-json\/wp\/v2\/product\/4898"}],"collection":[{"href":"https:\/\/www.lesjouetsvoyageurs.com\/location\/wp-json\/wp\/v2\/product"}],"about":[{"href":"https:\/\/www.lesjouetsvoyageurs.com\/location\/wp-json\/wp\/v2\/types\/product"}],"wp:featuredmedia":[{"embeddable":true,"href":"https:\/\/www.lesjouetsvoyageurs.com\/location\/wp-json\/wp\/v2\/media\/4901"}],"wp:attachment":[{"href":"https:\/\/www.lesjouetsvoyageurs.com\/location\/wp-json\/wp\/v2\/media?parent=4898"}],"wp:term":[{"taxonomy":"product_cat","embeddable":true,"href":"https:\/\/www.lesjouetsvoyageurs.com\/location\/wp-json\/wp\/v2\/product_cat?post=4898"},{"taxonomy":"product_tag","embeddable":true,"href":"https:\/\/www.lesjouetsvoyageurs.com\/location\/wp-json\/wp\/v2\/product_tag?post=4898"}],"curies":[{"name":"wp","href":"https:\/\/api.w.org\/{rel}","templated":true}]}}