{"id":5000,"date":"2021-02-24T13:23:05","date_gmt":"2021-02-24T11:23:05","guid":{"rendered":"https:\/\/www.lesjouetsvoyageurs.com\/?post_type=product&#038;p=5000"},"modified":"2023-08-04T17:32:20","modified_gmt":"2023-08-04T15:32:20","slug":"clavier-magic-touch-baby-einstein","status":"publish","type":"product","link":"https:\/\/www.lesjouetsvoyageurs.com\/location\/jouets\/clavier-magic-touch-baby-einstein\/","title":{"rendered":"Clavier Magic Touch Baby Einstein Hape"},"content":{"rendered":"<p>Le clavier Magic Touch Baby Einstein Hape permet de reproduire 4 types de son diff\u00e9rents : piano, xylophone, percussions et hip-hop. Il suffit d&rsquo;effleurer les touches pour le faire fonctionner, ce qui rend le clavier tr\u00e8s facile \u00e0 utiliser.<\/p>\n<p>Un syst\u00e8me de lumi\u00e8res accompagne l&rsquo;enfant dans l&rsquo;utilisation de l&rsquo;instrument en lui indiquant sur quelle touche appuyer pour produire un morceau. Une banque sonore amusante permet \u00e9galement \u00e0 l&rsquo;enfant de s&rsquo;amuser.<\/p>\n<p>Le clavier Magic Touch Baby Einstein Hape est recommand\u00e9 pour les enfants de 1 \u00e0 4 ans.<\/p>\n<p>Envie d&rsquo;en savoir plus sur les engagements de la marque?<br \/>\n\ud83d\udc49 Consultez la pr\u00e9sentation de Hape.<\/p>\n<p><span style=\"font-size: 14.4px;\">\ud83d\udc95 Le premier piano de b\u00e9b\u00e9<\/span><\/p>\n<h2><span style=\"font-size: 80%;\">En cas de coup de coeur, gardez le Piano Baby Einstein Hape !\u00a0<\/span><\/h2>\n<p>Nous vous proposons de garder chaque jouet lou\u00e9 \u00e0 un prix pr\u00e9f\u00e9rentiel, clairement indiqu\u00e9 sur chaque fiche.<\/p>\n","protected":false},"excerpt":{"rendered":"<p>Clavier Magic Touch Baby Einstein<\/p>\n<p>\u2764 Produit des sons par simple \u00ab\u00a0effleurement\u00a0\u00bb des touches<br \/>\n\u2764 Reproduit le son d&rsquo;un piano et d&rsquo;un xylophone<br \/>\n\u2764 Accessible d\u00e8s 12 mois<\/p>\n","protected":false},"featured_media":5001,"template":"","meta":[],"product_cat":[15],"product_tag":[],"_links":{"self":[{"href":"https:\/\/www.lesjouetsvoyageurs.com\/location\/wp-json\/wp\/v2\/product\/5000"}],"collection":[{"href":"https:\/\/www.lesjouetsvoyageurs.com\/location\/wp-json\/wp\/v2\/product"}],"about":[{"href":"https:\/\/www.lesjouetsvoyageurs.com\/location\/wp-json\/wp\/v2\/types\/product"}],"wp:featuredmedia":[{"embeddable":true,"href":"https:\/\/www.lesjouetsvoyageurs.com\/location\/wp-json\/wp\/v2\/media\/5001"}],"wp:attachment":[{"href":"https:\/\/www.lesjouetsvoyageurs.com\/location\/wp-json\/wp\/v2\/media?parent=5000"}],"wp:term":[{"taxonomy":"product_cat","embeddable":true,"href":"https:\/\/www.lesjouetsvoyageurs.com\/location\/wp-json\/wp\/v2\/product_cat?post=5000"},{"taxonomy":"product_tag","embeddable":true,"href":"https:\/\/www.lesjouetsvoyageurs.com\/location\/wp-json\/wp\/v2\/product_tag?post=5000"}],"curies":[{"name":"wp","href":"https:\/\/api.w.org\/{rel}","templated":true}]}}