{"id":5003,"date":"2021-02-24T13:46:14","date_gmt":"2021-02-24T11:46:14","guid":{"rendered":"https:\/\/www.lesjouetsvoyageurs.com\/?post_type=product&#038;p=5003"},"modified":"2022-09-18T16:55:25","modified_gmt":"2022-09-18T14:55:25","slug":"cube-dactivites-geant-hape","status":"publish","type":"product","link":"https:\/\/www.lesjouetsvoyageurs.com\/location\/jouets\/cube-dactivites-geant-hape\/","title":{"rendered":"Cube d&rsquo;activit\u00e9s g\u00e9ant Hape"},"content":{"rendered":"<p>Le cube d&rsquo;activit\u00e9s G\u00e9ant Hape est parfait pour les enfants \u00e0 partir de 12 mois.<\/p>\n<p>Chaque face du cube mesure environ 35 cm de c\u00f4t\u00e9. Lorsque le boulier est install\u00e9 sur le dessus, la hauteur totale du jouet est d&rsquo;environ 55 cm.<\/p>\n<p>Les activit\u00e9s propos\u00e9es sont nombreuses : labyrinthes, jeux de formes, leviers&#8230;<\/p>\n<p>Envie d&rsquo;en savoir plus sur les engagements de la marque?<br \/>\n\ud83d\udc49 Consultez la pr\u00e9sentation de Hape.<\/p>\n<p><span style=\"font-size: 14.4px;\">\ud83d\udc95 Cube d&rsquo;activit\u00e9s g\u00e9ant et tr\u00e8s complet<\/span><\/p>\n<h2><span style=\"font-size: 80%;\">Le tarif abonn\u00e9 du cube d&rsquo;activit\u00e9s g\u00e9ant Hape.<\/span><\/h2>\n<p>Nous vous proposons de garder chaque jouet lou\u00e9 \u00e0 un prix pr\u00e9f\u00e9rentiel, clairement indiqu\u00e9 sur chaque fiche.<\/p>\n","protected":false},"excerpt":{"rendered":"<p>Cube d&rsquo;activit\u00e9s g\u00e9ant Hape en bois<\/p>\n<p>\u2764 Mesure 55 centim\u00e8tres de hauteur<br \/>\n\u2764 Une multitude d&rsquo;activit\u00e9s diff\u00e9rentes<br \/>\n\u2764 Stimule la motricit\u00e9 de l&rsquo;enfant d\u00e8s 12 mois<\/p>\n","protected":false},"featured_media":5004,"template":"","meta":[],"product_cat":[15],"product_tag":[],"_links":{"self":[{"href":"https:\/\/www.lesjouetsvoyageurs.com\/location\/wp-json\/wp\/v2\/product\/5003"}],"collection":[{"href":"https:\/\/www.lesjouetsvoyageurs.com\/location\/wp-json\/wp\/v2\/product"}],"about":[{"href":"https:\/\/www.lesjouetsvoyageurs.com\/location\/wp-json\/wp\/v2\/types\/product"}],"wp:featuredmedia":[{"embeddable":true,"href":"https:\/\/www.lesjouetsvoyageurs.com\/location\/wp-json\/wp\/v2\/media\/5004"}],"wp:attachment":[{"href":"https:\/\/www.lesjouetsvoyageurs.com\/location\/wp-json\/wp\/v2\/media?parent=5003"}],"wp:term":[{"taxonomy":"product_cat","embeddable":true,"href":"https:\/\/www.lesjouetsvoyageurs.com\/location\/wp-json\/wp\/v2\/product_cat?post=5003"},{"taxonomy":"product_tag","embeddable":true,"href":"https:\/\/www.lesjouetsvoyageurs.com\/location\/wp-json\/wp\/v2\/product_tag?post=5003"}],"curies":[{"name":"wp","href":"https:\/\/api.w.org\/{rel}","templated":true}]}}