{"id":5008,"date":"2021-02-24T14:42:11","date_gmt":"2021-02-24T12:42:11","guid":{"rendered":"https:\/\/www.lesjouetsvoyageurs.com\/?post_type=product&#038;p=5008"},"modified":"2023-02-22T14:06:55","modified_gmt":"2023-02-22T12:06:55","slug":"cube-activites-lumineux-cirque","status":"publish","type":"product","link":"https:\/\/www.lesjouetsvoyageurs.com\/location\/jouets\/cube-activites-lumineux-cirque\/","title":{"rendered":"Cube d&rsquo;activit\u00e9s lumineux du cirque"},"content":{"rendered":"<p>Le cube d&rsquo;activit\u00e9s lumineux Hape est adapt\u00e9 aux enfants \u00e0 partir de 18 mois.<\/p>\n<p>Chaque face du cube mesure environ 30 cm de c\u00f4t\u00e9. Lorsque le boulier est install\u00e9 sur le dessus, la hauteur totale du jouet est d&rsquo;environ 45 cm.<\/p>\n<p>Les enfants appuient sur l&rsquo;\u00e9toile pour \u00e9claire le cube. Il suffit alors de tourner les disques pour changer de couleur. Le cube propose \u00e9galement des bouliers sur le th\u00e8me du cirque.<\/p>\n<p>Envie d&rsquo;en savoir plus sur les engagements de la marque?<br \/>\n\ud83d\udc49 Consultez la pr\u00e9sentation de Hape.<\/p>\n<p><span style=\"font-size: 14.4px;\">\ud83d\udc95 Cube d&rsquo;activit\u00e9s lumineux sur le th\u00e8me du cirque<\/span><\/p>\n","protected":false},"excerpt":{"rendered":"<p>Cube d&rsquo;activit\u00e9s lumineux Hape<\/p>\n<p>\u2764 Mesure 45 centim\u00e8tres de hauteur<br \/>\n\u2764 Activit\u00e9s sur le th\u00e8me du cirque<br \/>\n\u2764 Dispositif lumineux<br \/>\n\u2764 Stimule la motricit\u00e9 de l&rsquo;enfant d\u00e8s 18 mois<\/p>\n","protected":false},"featured_media":5010,"template":"","meta":[],"product_cat":[15],"product_tag":[],"_links":{"self":[{"href":"https:\/\/www.lesjouetsvoyageurs.com\/location\/wp-json\/wp\/v2\/product\/5008"}],"collection":[{"href":"https:\/\/www.lesjouetsvoyageurs.com\/location\/wp-json\/wp\/v2\/product"}],"about":[{"href":"https:\/\/www.lesjouetsvoyageurs.com\/location\/wp-json\/wp\/v2\/types\/product"}],"wp:featuredmedia":[{"embeddable":true,"href":"https:\/\/www.lesjouetsvoyageurs.com\/location\/wp-json\/wp\/v2\/media\/5010"}],"wp:attachment":[{"href":"https:\/\/www.lesjouetsvoyageurs.com\/location\/wp-json\/wp\/v2\/media?parent=5008"}],"wp:term":[{"taxonomy":"product_cat","embeddable":true,"href":"https:\/\/www.lesjouetsvoyageurs.com\/location\/wp-json\/wp\/v2\/product_cat?post=5008"},{"taxonomy":"product_tag","embeddable":true,"href":"https:\/\/www.lesjouetsvoyageurs.com\/location\/wp-json\/wp\/v2\/product_tag?post=5008"}],"curies":[{"name":"wp","href":"https:\/\/api.w.org\/{rel}","templated":true}]}}