{"id":5011,"date":"2021-02-24T14:54:59","date_gmt":"2021-02-24T12:54:59","guid":{"rendered":"https:\/\/www.lesjouetsvoyageurs.com\/?post_type=product&#038;p=5011"},"modified":"2023-02-09T21:28:05","modified_gmt":"2023-02-09T19:28:05","slug":"station-dinnovation-hape","status":"publish","type":"product","link":"https:\/\/www.lesjouetsvoyageurs.com\/location\/jouets\/station-dinnovation-hape\/","title":{"rendered":"Station d&rsquo;innovation Hape"},"content":{"rendered":"<p>Votre enfant d\u00e9couvrira de nombreuses activit\u00e9s sur chacune des faces de la station d&rsquo;innovation Hape.<\/p>\n<p>Cette station d&rsquo;innovation dispose notamment d&rsquo;un labyrinthe \u00e0 billes, d&rsquo;engrenages, d&rsquo;un parcours de courses de balles, de curseurs d&rsquo;animation magique et plus encore \u00e0 d\u00e9couvrir&#8230;<\/p>\n<p>D\u00e8s 12 mois, votre tout-petit peut \u00e9veiller sa curiosit\u00e9 et son imagination tout en d\u00e9veloppant sa motricit\u00e9 fine. La station d&rsquo;innovation est \u00e9galement une bonne mani\u00e8re d&rsquo;introduire des concepts scientifiques.<\/p>\n<p>Envie d&rsquo;en savoir plus sur les engagements de la marque?<br \/>\n\ud83d\udc49 Consultez la pr\u00e9sentation de Hape.<\/p>\n","protected":false},"excerpt":{"rendered":"<p>Station d&rsquo;innovation Hape<\/p>\n<p>\u2764 Un cube d&rsquo;\u00e9veil color\u00e9 pour exp\u00e9rimenter<br \/>\n\u2764 Une multitude d&rsquo;activit\u00e9s passionnantes<br \/>\n\u2764 Stimule la motricit\u00e9 de l&rsquo;enfant d\u00e8s 12 mois<\/p>\n","protected":false},"featured_media":5014,"template":"","meta":[],"product_cat":[15],"product_tag":[],"_links":{"self":[{"href":"https:\/\/www.lesjouetsvoyageurs.com\/location\/wp-json\/wp\/v2\/product\/5011"}],"collection":[{"href":"https:\/\/www.lesjouetsvoyageurs.com\/location\/wp-json\/wp\/v2\/product"}],"about":[{"href":"https:\/\/www.lesjouetsvoyageurs.com\/location\/wp-json\/wp\/v2\/types\/product"}],"wp:featuredmedia":[{"embeddable":true,"href":"https:\/\/www.lesjouetsvoyageurs.com\/location\/wp-json\/wp\/v2\/media\/5014"}],"wp:attachment":[{"href":"https:\/\/www.lesjouetsvoyageurs.com\/location\/wp-json\/wp\/v2\/media?parent=5011"}],"wp:term":[{"taxonomy":"product_cat","embeddable":true,"href":"https:\/\/www.lesjouetsvoyageurs.com\/location\/wp-json\/wp\/v2\/product_cat?post=5011"},{"taxonomy":"product_tag","embeddable":true,"href":"https:\/\/www.lesjouetsvoyageurs.com\/location\/wp-json\/wp\/v2\/product_tag?post=5011"}],"curies":[{"name":"wp","href":"https:\/\/api.w.org\/{rel}","templated":true}]}}