{"id":5015,"date":"2021-02-24T15:44:05","date_gmt":"2021-02-24T13:44:05","guid":{"rendered":"https:\/\/www.lesjouetsvoyageurs.com\/?post_type=product&#038;p=5015"},"modified":"2023-08-10T17:08:45","modified_gmt":"2023-08-10T15:08:45","slug":"puzzle-bois-monde-sous-marin","status":"publish","type":"product","link":"https:\/\/www.lesjouetsvoyageurs.com\/location\/jouets\/puzzle-bois-monde-sous-marin\/","title":{"rendered":"Puzzle en bois du monde sous-marin"},"content":{"rendered":"<p>Le puzzle en bois du monde sous-marin Hape est compos\u00e9 de 7 \u00e9l\u00e9ments en bois \u00e0 encastrer. Chaque \u00e9l\u00e9ment repr\u00e9sente un personnage marin rigolo. Le personnage central est par exemple une tortue qui joue de la guitare \u00e9lectrique!<\/p>\n<p>Mais la d\u00e9couverte ne s&rsquo;arr\u00eate pas l\u00e0 avec le puzzle en bois du monde sous-marin ! Des petites lunettes sont reli\u00e9es \u00e0 la base en bois par une cordelette. Lorsqu&rsquo;on les met sur le nez, tout se teinte de rouge. Et on d\u00e9couvre alors sans difficult\u00e9 les dessins cach\u00e9s sous les pi\u00e8ces de bois du puzzle ! D\u00e8s 18 mois, votre tout-petit va adorer utiliser ses lunettes magiques.<\/p>\n<p>Envie d&rsquo;en savoir plus sur les engagements de la marque?<br \/>\n\ud83d\udc49 Consultez la pr\u00e9sentation de Hape.<\/p>\n","protected":false},"excerpt":{"rendered":"<p>Puzzle en bois de la vie sous-marine<\/p>\n<p>\u2764 Des personnages rigolos pour amuser b\u00e9b\u00e9<br \/>\n\u2764 Des lunettes magiques pour d\u00e9couvrir des dessins secrets<br \/>\n\u2764 Adapt\u00e9 pour les petits d\u00e8s 18 mois<\/p>\n","protected":false},"featured_media":5018,"template":"","meta":[],"product_cat":[15],"product_tag":[],"_links":{"self":[{"href":"https:\/\/www.lesjouetsvoyageurs.com\/location\/wp-json\/wp\/v2\/product\/5015"}],"collection":[{"href":"https:\/\/www.lesjouetsvoyageurs.com\/location\/wp-json\/wp\/v2\/product"}],"about":[{"href":"https:\/\/www.lesjouetsvoyageurs.com\/location\/wp-json\/wp\/v2\/types\/product"}],"wp:featuredmedia":[{"embeddable":true,"href":"https:\/\/www.lesjouetsvoyageurs.com\/location\/wp-json\/wp\/v2\/media\/5018"}],"wp:attachment":[{"href":"https:\/\/www.lesjouetsvoyageurs.com\/location\/wp-json\/wp\/v2\/media?parent=5015"}],"wp:term":[{"taxonomy":"product_cat","embeddable":true,"href":"https:\/\/www.lesjouetsvoyageurs.com\/location\/wp-json\/wp\/v2\/product_cat?post=5015"},{"taxonomy":"product_tag","embeddable":true,"href":"https:\/\/www.lesjouetsvoyageurs.com\/location\/wp-json\/wp\/v2\/product_tag?post=5015"}],"curies":[{"name":"wp","href":"https:\/\/api.w.org\/{rel}","templated":true}]}}