{"id":5107,"date":"2021-03-25T09:21:57","date_gmt":"2021-03-25T07:21:57","guid":{"rendered":"https:\/\/www.lesjouetsvoyageurs.com\/?post_type=product&#038;p=5107"},"modified":"2022-09-18T16:53:19","modified_gmt":"2022-09-18T14:53:19","slug":"toboggan-a-billes-ding-dong-haba","status":"publish","type":"product","link":"https:\/\/www.lesjouetsvoyageurs.com\/location\/jouets\/toboggan-a-billes-ding-dong-haba\/","title":{"rendered":"Toboggan Ding Dong Haba de 2 \u00e0 8 ans"},"content":{"rendered":"<p>Les virages du toboggan Ding Dong Haba Kullerbu permettent aux balles de prendre un maximum de vitesse ! Elles font tinter les notes de l&rsquo;escalier musical avant de renverser les dominos plac\u00e9s \u00e0 la fin du parcours. Un toboggan tr\u00e8s complet pour les enfants de 2 \u00e0 8 ans.<\/p>\n<p>Envie d&rsquo;en savoir plus sur les engagements de la marque?<br \/>\n\ud83d\udc49 Consultez la pr\u00e9sentation de Haba.<\/p>\n<p><span style=\"font-size: 14.4px;\">\ud83d\udc95 Peut \u00eatre utilis\u00e9 avec les autres toboggans \u00e0 billes kullerbu Haba disponibles \u00e0 la location avec Les Jouets Voyageurs.<\/span><\/p>\n<p>Un jeu \u00e0 proposer \u00e0 partir de 2 ans et jusque 8 ans.<\/p>\n<p>LE PRIX ABONN\u00c9 C&rsquo;EST QUOI?<br \/>\nVous avez un coup de coeur pour un jouet propos\u00e9 \u00e0 la location?<br \/>\nNous vous proposons de garder chaque jouet lou\u00e9 \u00e0 un prix pr\u00e9f\u00e9rentiel, clairement indiqu\u00e9 sur chaque fiche.<\/p>\n","protected":false},"excerpt":{"rendered":"<p>Circuit \u00e0 billes dominos des poules \ud83d\udc13<\/p>\n<p>\u2764 A partir de 2 ans et jusque 8 ans<br \/>\n\u2764 Une boule repr\u00e9sente le fermier, l&rsquo;autre le renard \ud83e\udd8a<br \/>\n\u2764 Stimule la motricit\u00e9 fine<\/p>\n","protected":false},"featured_media":5109,"template":"","meta":[],"product_cat":[15],"product_tag":[],"_links":{"self":[{"href":"https:\/\/www.lesjouetsvoyageurs.com\/location\/wp-json\/wp\/v2\/product\/5107"}],"collection":[{"href":"https:\/\/www.lesjouetsvoyageurs.com\/location\/wp-json\/wp\/v2\/product"}],"about":[{"href":"https:\/\/www.lesjouetsvoyageurs.com\/location\/wp-json\/wp\/v2\/types\/product"}],"wp:featuredmedia":[{"embeddable":true,"href":"https:\/\/www.lesjouetsvoyageurs.com\/location\/wp-json\/wp\/v2\/media\/5109"}],"wp:attachment":[{"href":"https:\/\/www.lesjouetsvoyageurs.com\/location\/wp-json\/wp\/v2\/media?parent=5107"}],"wp:term":[{"taxonomy":"product_cat","embeddable":true,"href":"https:\/\/www.lesjouetsvoyageurs.com\/location\/wp-json\/wp\/v2\/product_cat?post=5107"},{"taxonomy":"product_tag","embeddable":true,"href":"https:\/\/www.lesjouetsvoyageurs.com\/location\/wp-json\/wp\/v2\/product_tag?post=5107"}],"curies":[{"name":"wp","href":"https:\/\/api.w.org\/{rel}","templated":true}]}}