{"id":5174,"date":"2021-05-10T14:38:24","date_gmt":"2021-05-10T12:38:24","guid":{"rendered":"https:\/\/www.lesjouetsvoyageurs.com\/?post_type=product&#038;p=5174"},"modified":"2024-02-28T17:28:40","modified_gmt":"2024-02-28T15:28:40","slug":"hochet-jungle-tikiri","status":"publish","type":"product","link":"https:\/\/www.lesjouetsvoyageurs.com\/location\/jouets\/hochet-jungle-tikiri\/","title":{"rendered":"Hochet avec grelot &#8211; Animal de la jungle Tikiri"},"content":{"rendered":"<p>Nous vous proposons les animaux adorables en h\u00e9v\u00e9a naturel de la marque Tikiri. Cette collection des animaux de la jungle Tikiri comprend notamment une girafe, un hippopotame, un crocodile, un lion, un \u00e9l\u00e9phant et un z\u00e9bre.<\/p>\n<p>Les animaux contiennent un grelot et aucun trou pour une hygi\u00e8ne irr\u00e9prochable. Pour nettoyer l&rsquo;animal, utilisez simplement de l&rsquo;eau chaude et du savon.<\/p>\n<p>Envie d&rsquo;en savoir plus sur les engagements de la marque?<br \/>\n\ud83d\udc49 Consultez la pr\u00e9sentation de Tikiri.<\/p>\n<p><span style=\"font-size: 14.4px;\">\ud83d\udc95 Un jouet qui peut aussi s&rsquo;utiliser dans le bain.<\/span><\/p>\n<p>LE PRIX ABONN\u00c9 C&rsquo;EST QUOI?<br \/>\nVous avez un coup de coeur pour un jouet propos\u00e9 \u00e0 la location?<br \/>\nNous vous proposons de garder chaque jouet lou\u00e9 \u00e0 un prix pr\u00e9f\u00e9rentiel, clairement indiqu\u00e9 sur chaque fiche.<\/p>\n","protected":false},"excerpt":{"rendered":"<p>Hochet tikiri sur le th\u00e8me de la Savane<\/p>\n<p>\u2764 Caoutchouc d&rsquo;h\u00e9v\u00e9a 100% naturel<br \/>\n\u2764 Contient un grelot<br \/>\n\u2764 Peut s&rsquo;utiliser dans l&rsquo;eau<\/p>\n","protected":false},"featured_media":5189,"template":"","meta":[],"product_cat":[15],"product_tag":[],"_links":{"self":[{"href":"https:\/\/www.lesjouetsvoyageurs.com\/location\/wp-json\/wp\/v2\/product\/5174"}],"collection":[{"href":"https:\/\/www.lesjouetsvoyageurs.com\/location\/wp-json\/wp\/v2\/product"}],"about":[{"href":"https:\/\/www.lesjouetsvoyageurs.com\/location\/wp-json\/wp\/v2\/types\/product"}],"wp:featuredmedia":[{"embeddable":true,"href":"https:\/\/www.lesjouetsvoyageurs.com\/location\/wp-json\/wp\/v2\/media\/5189"}],"wp:attachment":[{"href":"https:\/\/www.lesjouetsvoyageurs.com\/location\/wp-json\/wp\/v2\/media?parent=5174"}],"wp:term":[{"taxonomy":"product_cat","embeddable":true,"href":"https:\/\/www.lesjouetsvoyageurs.com\/location\/wp-json\/wp\/v2\/product_cat?post=5174"},{"taxonomy":"product_tag","embeddable":true,"href":"https:\/\/www.lesjouetsvoyageurs.com\/location\/wp-json\/wp\/v2\/product_tag?post=5174"}],"curies":[{"name":"wp","href":"https:\/\/api.w.org\/{rel}","templated":true}]}}