{"id":5190,"date":"2021-05-10T15:45:54","date_gmt":"2021-05-10T13:45:54","guid":{"rendered":"https:\/\/www.lesjouetsvoyageurs.com\/?post_type=product&#038;p=5190"},"modified":"2023-08-10T17:08:47","modified_gmt":"2023-08-10T15:08:47","slug":"hochet-avec-grelot-animal-de-la-ferme-tikiri","status":"publish","type":"product","link":"https:\/\/www.lesjouetsvoyageurs.com\/location\/jouets\/hochet-avec-grelot-animal-de-la-ferme-tikiri\/","title":{"rendered":"Hochet avec grelot &#8211; Animal de la ferme Tikiri"},"content":{"rendered":"<p>D\u00e9couvrez les tr\u00e8s mignons animaux Tikiri en caoutchouc naturel issu de l&rsquo;h\u00e9v\u00e9a. La collection des animaux de la ferme Tikiri se compose d&rsquo;un chien, un mouton, un cheval, un poussin, une vache et un cochon.<\/p>\n<p>Chaque hochet Tikiri contient un grelot mais aucun trou pour une hygi\u00e8ne irr\u00e9prochable. Pour nettoyer l&rsquo;animal, utilisez simplement de l&rsquo;eau chaude et du savon.<\/p>\n<p>Envie d&rsquo;en savoir plus sur les engagements de la marque?<br \/>\n\ud83d\udc49 Consultez la pr\u00e9sentation de Tikiri.<\/p>\n<p><span style=\"font-size: 14.4px;\">\ud83d\udc95 Un jouet qui peut aussi s&rsquo;utiliser dans le bain.<\/span><\/p>\n<p>LE PRIX ABONN\u00c9 C&rsquo;EST QUOI?<br \/>\nVous avez un coup de coeur pour un jouet propos\u00e9 \u00e0 la location?<br \/>\nNous vous proposons de garder chaque jouet lou\u00e9 \u00e0 un prix pr\u00e9f\u00e9rentiel, clairement indiqu\u00e9 sur chaque fiche.<\/p>\n","protected":false},"excerpt":{"rendered":"<p>Hochet tikiri sur le th\u00e8me de la ferme<\/p>\n<p>\u2764 Caoutchouc d&rsquo;h\u00e9v\u00e9a 100% naturel<br \/>\n\u2764 Contient un grelot<br \/>\n\u2764 Peut s&rsquo;utiliser dans l&rsquo;eau<\/p>\n","protected":false},"featured_media":5206,"template":"","meta":[],"product_cat":[15],"product_tag":[],"_links":{"self":[{"href":"https:\/\/www.lesjouetsvoyageurs.com\/location\/wp-json\/wp\/v2\/product\/5190"}],"collection":[{"href":"https:\/\/www.lesjouetsvoyageurs.com\/location\/wp-json\/wp\/v2\/product"}],"about":[{"href":"https:\/\/www.lesjouetsvoyageurs.com\/location\/wp-json\/wp\/v2\/types\/product"}],"wp:featuredmedia":[{"embeddable":true,"href":"https:\/\/www.lesjouetsvoyageurs.com\/location\/wp-json\/wp\/v2\/media\/5206"}],"wp:attachment":[{"href":"https:\/\/www.lesjouetsvoyageurs.com\/location\/wp-json\/wp\/v2\/media?parent=5190"}],"wp:term":[{"taxonomy":"product_cat","embeddable":true,"href":"https:\/\/www.lesjouetsvoyageurs.com\/location\/wp-json\/wp\/v2\/product_cat?post=5190"},{"taxonomy":"product_tag","embeddable":true,"href":"https:\/\/www.lesjouetsvoyageurs.com\/location\/wp-json\/wp\/v2\/product_tag?post=5190"}],"curies":[{"name":"wp","href":"https:\/\/api.w.org\/{rel}","templated":true}]}}