{"id":5263,"date":"2021-06-01T14:33:57","date_gmt":"2021-06-01T12:33:57","guid":{"rendered":"https:\/\/www.lesjouetsvoyageurs.com\/?post_type=product&#038;p=5263"},"modified":"2022-09-18T16:50:04","modified_gmt":"2022-09-18T14:50:04","slug":"ferme-en-bois-tenderleaf","status":"publish","type":"product","link":"https:\/\/www.lesjouetsvoyageurs.com\/location\/jouets\/ferme-en-bois-tenderleaf\/","title":{"rendered":"Ferme en bois Tenderleaf"},"content":{"rendered":"<p>Le ferme en bois Tenderleaf comprend 18 pi\u00e8ces pour s&rsquo;inventer des belles histoires et jouer seul ou \u00e0 deux. Tous les petits \u00e9l\u00e9ments peuvent \u00eatre facilement rang\u00e9s dans la ferme.<\/p>\n<p>La ferme en bois Tenderleaf est fabriqu\u00e9e en bois d&rsquo;h\u00e9v\u00e9a issu d&rsquo;une culture durable et responsable.<\/p>\n<p>Envie d&rsquo;en savoir plus sur les engagements de la marque?<br \/>\n\ud83d\udc49 Consultez la pr\u00e9sentation de TenderLeaf.<\/p>\n<p><span style=\"font-size: 14.4px;\">\ud83d\udc95 Des heures de jeu en perspective !<\/span><\/p>\n<p>A proposer \u00e0 partir de 3 ans.<\/p>\n<p>LE PRIX ABONN\u00c9 C&rsquo;EST QUOI?<br \/>\nVous avez un coup de coeur pour un jouet propos\u00e9 \u00e0 la location?<br \/>\nNous vous proposons de garder chaque jouet lou\u00e9 \u00e0 un prix pr\u00e9f\u00e9rentiel, clairement indiqu\u00e9 sur chaque fiche.<\/p>\n","protected":false},"excerpt":{"rendered":"<p>Une ferme compl\u00e8te d\u00e8s 3 ans<\/p>\n<p>\u2764 Tous les \u00e9l\u00e9ments se rangent dans la ferme<br \/>\n\u2764 Stimule l&rsquo;imagination de l&rsquo;enfant<br \/>\n\u2764 <span style=\"font-size: 14.4px;\">Bois d&rsquo;h\u00e9v\u00e9a durable \ud83c\udf3f<\/span><\/p>\n","protected":false},"featured_media":5266,"template":"","meta":[],"product_cat":[15],"product_tag":[],"_links":{"self":[{"href":"https:\/\/www.lesjouetsvoyageurs.com\/location\/wp-json\/wp\/v2\/product\/5263"}],"collection":[{"href":"https:\/\/www.lesjouetsvoyageurs.com\/location\/wp-json\/wp\/v2\/product"}],"about":[{"href":"https:\/\/www.lesjouetsvoyageurs.com\/location\/wp-json\/wp\/v2\/types\/product"}],"wp:featuredmedia":[{"embeddable":true,"href":"https:\/\/www.lesjouetsvoyageurs.com\/location\/wp-json\/wp\/v2\/media\/5266"}],"wp:attachment":[{"href":"https:\/\/www.lesjouetsvoyageurs.com\/location\/wp-json\/wp\/v2\/media?parent=5263"}],"wp:term":[{"taxonomy":"product_cat","embeddable":true,"href":"https:\/\/www.lesjouetsvoyageurs.com\/location\/wp-json\/wp\/v2\/product_cat?post=5263"},{"taxonomy":"product_tag","embeddable":true,"href":"https:\/\/www.lesjouetsvoyageurs.com\/location\/wp-json\/wp\/v2\/product_tag?post=5263"}],"curies":[{"name":"wp","href":"https:\/\/api.w.org\/{rel}","templated":true}]}}