{"id":5267,"date":"2021-06-01T14:42:06","date_gmt":"2021-06-01T12:42:06","guid":{"rendered":"https:\/\/www.lesjouetsvoyageurs.com\/?post_type=product&#038;p=5267"},"modified":"2022-09-18T16:49:49","modified_gmt":"2022-09-18T14:49:49","slug":"oiseaux-a-bascule-tenderleaf","status":"publish","type":"product","link":"https:\/\/www.lesjouetsvoyageurs.com\/location\/jouets\/oiseaux-a-bascule-tenderleaf\/","title":{"rendered":"Oiseaux \u00e0 bascule pastel Tenderleaf"},"content":{"rendered":"<p>D\u00e8s 18 mois, b\u00e9b\u00e9 doit placer les petits oiseaux et les oeufs sur la bascule. L&rsquo;ensemble comprend 6 oiseaux en bois pastel et 5 oeufs.<\/p>\n<p>Chaque \u00e9l\u00e9ment des oiseaux \u00e0 bascule Tenderleaf est fabriqu\u00e9 en bois d&rsquo;h\u00e9v\u00e9a issu d&rsquo;une culture durable et responsable.<\/p>\n<p>Envie d&rsquo;en savoir plus sur les engagements de la marque?<br \/>\n\ud83d\udc49 Consultez la pr\u00e9sentation de TenderLeaf.<\/p>\n<p><span style=\"font-size: 14.4px;\">\ud83d\udc95 Des couleurs pastel tr\u00e8s douces<\/span><\/p>\n<p>A proposer \u00e0 partir de 18 mois.<\/p>\n<p>LE PRIX ABONN\u00c9 C&rsquo;EST QUOI?<br \/>\nVous avez un coup de coeur pour un jouet propos\u00e9 \u00e0 la location?<br \/>\nNous vous proposons de garder chaque jouet lou\u00e9 \u00e0 un prix pr\u00e9f\u00e9rentiel, clairement indiqu\u00e9 sur chaque fiche.<\/p>\n","protected":false},"excerpt":{"rendered":"<p>Bascule des petits oiseaux<\/p>\n<p>\u2764 Oeufs et oisillons pastel<br \/>\n\u2764 Stimule la motricit\u00e9 fine<br \/>\n\u2764 <span style=\"font-size: 14.4px;\">Bois d&rsquo;h\u00e9v\u00e9a durable \ud83c\udf3f<\/span><\/p>\n","protected":false},"featured_media":5269,"template":"","meta":[],"product_cat":[15],"product_tag":[],"_links":{"self":[{"href":"https:\/\/www.lesjouetsvoyageurs.com\/location\/wp-json\/wp\/v2\/product\/5267"}],"collection":[{"href":"https:\/\/www.lesjouetsvoyageurs.com\/location\/wp-json\/wp\/v2\/product"}],"about":[{"href":"https:\/\/www.lesjouetsvoyageurs.com\/location\/wp-json\/wp\/v2\/types\/product"}],"wp:featuredmedia":[{"embeddable":true,"href":"https:\/\/www.lesjouetsvoyageurs.com\/location\/wp-json\/wp\/v2\/media\/5269"}],"wp:attachment":[{"href":"https:\/\/www.lesjouetsvoyageurs.com\/location\/wp-json\/wp\/v2\/media?parent=5267"}],"wp:term":[{"taxonomy":"product_cat","embeddable":true,"href":"https:\/\/www.lesjouetsvoyageurs.com\/location\/wp-json\/wp\/v2\/product_cat?post=5267"},{"taxonomy":"product_tag","embeddable":true,"href":"https:\/\/www.lesjouetsvoyageurs.com\/location\/wp-json\/wp\/v2\/product_tag?post=5267"}],"curies":[{"name":"wp","href":"https:\/\/api.w.org\/{rel}","templated":true}]}}