{"id":5273,"date":"2021-06-01T15:07:34","date_gmt":"2021-06-01T13:07:34","guid":{"rendered":"https:\/\/www.lesjouetsvoyageurs.com\/?post_type=product&#038;p=5273"},"modified":"2022-09-18T16:49:09","modified_gmt":"2022-09-18T14:49:09","slug":"puzzle-tunnel-arc-en-ciel","status":"publish","type":"product","link":"https:\/\/www.lesjouetsvoyageurs.com\/location\/jouets\/puzzle-tunnel-arc-en-ciel\/","title":{"rendered":"Puzzle tunnel arc-en-ciel en bois d&rsquo;h\u00e9v\u00e9a"},"content":{"rendered":"<p>Ce puzzle tunnel Tenderleaf comprend 6 arches et un soleil. Les diff\u00e9rentes pi\u00e8ces s&#8217;empilent pour former un v\u00e9ritable arc-en-ciel !<\/p>\n<p>Le puzzle arc-en-ciel est fabriqu\u00e9 en bois d&rsquo;h\u00e9v\u00e9a issu d&rsquo;une culture durable et responsable et permet \u00e0 l&rsquo;enfant de jouer librement.<\/p>\n<p>Envie d&rsquo;en savoir plus sur les engagements de la marque?<br \/>\n\ud83d\udc49 Consultez la pr\u00e9sentation de TenderLeaf.<\/p>\n<p><span style=\"font-size: 14.4px;\">\ud83d\udc95 Adapt\u00e9 aux enfants d\u00e8s 18 mois<\/span><\/p>\n<p>A proposer \u00e0 partir de 3 ans.<\/p>\n<p>LE PRIX ABONN\u00c9 C&rsquo;EST QUOI?<br \/>\nVous avez un coup de coeur pour un jouet propos\u00e9 \u00e0 la location?<br \/>\nNous vous proposons de garder chaque jouet lou\u00e9 \u00e0 un prix pr\u00e9f\u00e9rentiel, clairement indiqu\u00e9 sur chaque fiche.<\/p>\n","protected":false},"excerpt":{"rendered":"<p>Tunnel arc-en-ciel Tenderleaf<\/p>\n<p>\u2764 7 \u00e9l\u00e9ments \u00e0 assembler<br \/>\n\u2764 Id\u00e9al pour le jeu libre<br \/>\n\u2764 <span style=\"font-size: 14.4px;\">Bois d&rsquo;h\u00e9v\u00e9a durable \ud83c\udf3f<\/span><\/p>\n","protected":false},"featured_media":5275,"template":"","meta":[],"product_cat":[15],"product_tag":[],"_links":{"self":[{"href":"https:\/\/www.lesjouetsvoyageurs.com\/location\/wp-json\/wp\/v2\/product\/5273"}],"collection":[{"href":"https:\/\/www.lesjouetsvoyageurs.com\/location\/wp-json\/wp\/v2\/product"}],"about":[{"href":"https:\/\/www.lesjouetsvoyageurs.com\/location\/wp-json\/wp\/v2\/types\/product"}],"wp:featuredmedia":[{"embeddable":true,"href":"https:\/\/www.lesjouetsvoyageurs.com\/location\/wp-json\/wp\/v2\/media\/5275"}],"wp:attachment":[{"href":"https:\/\/www.lesjouetsvoyageurs.com\/location\/wp-json\/wp\/v2\/media?parent=5273"}],"wp:term":[{"taxonomy":"product_cat","embeddable":true,"href":"https:\/\/www.lesjouetsvoyageurs.com\/location\/wp-json\/wp\/v2\/product_cat?post=5273"},{"taxonomy":"product_tag","embeddable":true,"href":"https:\/\/www.lesjouetsvoyageurs.com\/location\/wp-json\/wp\/v2\/product_tag?post=5273"}],"curies":[{"name":"wp","href":"https:\/\/api.w.org\/{rel}","templated":true}]}}