{"id":5289,"date":"2021-06-03T08:28:07","date_gmt":"2021-06-03T06:28:07","guid":{"rendered":"https:\/\/www.lesjouetsvoyageurs.com\/?post_type=product&#038;p=5289"},"modified":"2023-08-10T17:08:45","modified_gmt":"2023-08-10T15:08:45","slug":"jouets-plage-pliable-scrunch","status":"publish","type":"product","link":"https:\/\/www.lesjouetsvoyageurs.com\/location\/jouets\/jouets-plage-pliable-scrunch\/","title":{"rendered":"Jouets de plage pliables Scrunch"},"content":{"rendered":"<p>Les jouets de plage Scrunch sont con\u00e7us en silicone alimentaire. Ils peuvent \u00eatre roul\u00e9s, pli\u00e9s pour prendre un minimum de place dans le sac de plage sans perdre leur forme ! Des jouets incassables qui accompagneront les enfants tout l&rsquo;\u00e9t\u00e9.<\/p>\n<p>Le set de jouets de plage Scrunch que nous vous proposons comprend un seau, une pelle et 4 moules. Notez que nous proposons l&rsquo;ensemble Scrunch dans diff\u00e9rents coloris (menthe, gris, moutarde) et que vous pourrez recevoir l&rsquo;une ou l&rsquo;autre de ces diff\u00e9rentes couleurs.<\/p>\n<p>Envie d&rsquo;en savoir plus sur les engagements de la marque?<br \/>\n\ud83d\udc49 Consultez la pr\u00e9sentation de Scrunch.<\/p>\n<p><span style=\"font-size: 14.4px;\">\ud83d\udc95 Adapt\u00e9 aux enfants d\u00e8s 1 an<\/span><\/p>\n<p>LE PRIX ABONN\u00c9 C&rsquo;EST QUOI?<br \/>\nVous avez un coup de coeur pour un jouet propos\u00e9 \u00e0 la location?<br \/>\nNous vous proposons de garder chaque jouet lou\u00e9 \u00e0 un prix pr\u00e9f\u00e9rentiel, clairement indiqu\u00e9 sur chaque fiche.<\/p>\n","protected":false},"excerpt":{"rendered":"<p>Set de plage Scrunch<\/p>\n<p>\u2764 Tr\u00e8s complet avec ses 6 \u00e9l\u00e9ments<br \/>\n\u2764 Incassable et facile \u00e0 ranger<br \/>\n\u2764 <span style=\"font-size: 14.4px;\">En silicone de qualit\u00e9 alimentaire \ud83c\udf3f<\/span><\/p>\n","protected":false},"featured_media":5290,"template":"","meta":[],"product_cat":[15],"product_tag":[],"_links":{"self":[{"href":"https:\/\/www.lesjouetsvoyageurs.com\/location\/wp-json\/wp\/v2\/product\/5289"}],"collection":[{"href":"https:\/\/www.lesjouetsvoyageurs.com\/location\/wp-json\/wp\/v2\/product"}],"about":[{"href":"https:\/\/www.lesjouetsvoyageurs.com\/location\/wp-json\/wp\/v2\/types\/product"}],"wp:featuredmedia":[{"embeddable":true,"href":"https:\/\/www.lesjouetsvoyageurs.com\/location\/wp-json\/wp\/v2\/media\/5290"}],"wp:attachment":[{"href":"https:\/\/www.lesjouetsvoyageurs.com\/location\/wp-json\/wp\/v2\/media?parent=5289"}],"wp:term":[{"taxonomy":"product_cat","embeddable":true,"href":"https:\/\/www.lesjouetsvoyageurs.com\/location\/wp-json\/wp\/v2\/product_cat?post=5289"},{"taxonomy":"product_tag","embeddable":true,"href":"https:\/\/www.lesjouetsvoyageurs.com\/location\/wp-json\/wp\/v2\/product_tag?post=5289"}],"curies":[{"name":"wp","href":"https:\/\/api.w.org\/{rel}","templated":true}]}}